{"id":149,"date":"2015-11-09T23:05:57","date_gmt":"2015-11-10T04:05:57","guid":{"rendered":"https:\/\/stemeric.com\/?page_id=149&#038;lang=hu"},"modified":"2026-04-19T18:43:13","modified_gmt":"2026-04-19T22:43:13","slug":"kezdolap","status":"publish","type":"page","link":"https:\/\/stemeric.com\/hu\/","title":{"rendered":"Home"},"content":{"rendered":"<div id=\"pl-149\"  class=\"panel-layout\" ><div id=\"pg-149-0\"  class=\"panel-grid panel-no-style\" ><div id=\"pgc-149-0-0\"  class=\"panel-grid-cell\" ><div id=\"panel-149-0-0-0\" class=\"so-panel widget widget_sow-editor panel-first-child\" data-index=\"0\" ><div\n\t\t\t\n\t\t\tclass=\"so-widget-sow-editor so-widget-sow-editor-base\"\n\t\t\t\n\t\t><h3 class=\"widget-title\">Rendes mise id\u0151pontok ezen a h\u00e9ten<\/h3>\n<div class=\"siteorigin-widget-tinymce textwidget\">\n\t<p><u>H\u00e9tk\u00f6znap,<\/u> h\u00e9tf\u0151t\u0151l p\u00e9ntekig: de. 9:00<\/p>\n<p><span style=\"text-decoration: underline;\">Szombat<\/span>: du. 5:00 - angolul<\/p>\n<p><span style=\"text-decoration: underline;\">Vas\u00e1rnap<\/span>: de. 9:00 - angolul<br \/>\nde. 11:00 - magyarul<\/p>\n<\/div>\n<\/div><\/div><div id=\"panel-149-0-0-1\" class=\"so-panel widget widget_facebook-likebox widget_facebook_likebox\" data-index=\"1\" ><h3 class=\"widget-title\"><a href=\"https:\/\/www.facebook.com\/saintemeric\">K\u00f6vessen minket a Facebook-on \u00e9s n\u00e9zze az \u00e9l\u0151ben k\u00f6zvet\u00edtett mis\u00e9ket<\/a><\/h3>\t\t<div id=\"fb-root\"><\/div>\n\t\t<div class=\"fb-page\" data-href=\"https:\/\/www.facebook.com\/saintemeric\" data-width=\"340\"  data-height=\"500\" data-hide-cover=\"false\" data-show-facepile=\"true\" data-tabs=\"timeline\" data-hide-cta=\"false\" data-small-header=\"true\">\n\t\t<div class=\"fb-xfbml-parse-ignore\"><blockquote cite=\"https:\/\/www.facebook.com\/saintemeric\"><a href=\"https:\/\/www.facebook.com\/saintemeric\">&lt;span class=&quot;widget-title-span&quot;&gt;K\u00f6vessen minket a Facebook-on \u00e9s n\u00e9zze az \u00e9l\u0151ben k\u00f6zvet\u00edtett mis\u00e9ket&lt;\/span&gt;<\/a><\/blockquote><\/div>\n\t\t<\/div>\n\t\t<\/div><div id=\"panel-149-0-0-2\" class=\"so-panel widget widget_rpwe_widget rpwe_widget recent-posts-extended\" data-index=\"2\" ><style>.rpwe-block ul{\nlist-style: none !important;\nmargin-left: 0 !important;\npadding-left: 0 !important;\n}\n\n.rpwe-block li{\nborder-bottom: 1px solid #eee;\nmargin-bottom: 10px;\npadding-bottom: 10px;\nlist-style-type: none;\n}\n\n.rpwe-block a{\ndisplay: inline !important;\ntext-decoration: none;\n}\n\n.rpwe-block h3{\nbackground: none !important;\nclear: none;\nmargin-bottom: 0 !important;\nmargin-top: 0 !important;\nfont-weight: 400;\nfont-size: 18px !important;\nline-height: 1.5em;\n}\n\n.rpwe-thumb{\nborder: 1px solid #eee !important;\nbox-shadow: none !important;\nmargin: 2px 10px 2px 0;\npadding: 3px !important;\n}\n\n.rpwe-summary{\nfont-size: 12px;\n}\n\n.rpwe-time{\ncolor: #bbb;\nfont-size: 11px;\n}\n\n.rpwe-comment{\ncolor: #bbb;\nfont-size: 11px;\npadding-left: 5px;\n}\n\n.rpwe-alignleft{\ndisplay: inline;\nfloat: left;\n}\n\n.rpwe-alignright{\ndisplay: inline;\nfloat: right;\n}\n\n.rpwe-aligncenter{\ndisplay: block;\nmargin-left: auto;\nmargin-right: auto;\n}\n\n.rpwe-clearfix:before,\n.rpwe-clearfix:after{\ncontent: &quot;&quot;;\ndisplay: table !important;\n}\n\n.rpwe-clearfix:after{\nclear: both;\n}\n\n.rpwe-clearfix{\nzoom: 1;\n}\n<\/style><h3 class=\"widget-title\"><a href=\"https:\/\/stemeric.com\/hu\/a-puspok-rendelete-a-szent-erzsebet-plebania-egyesuleserol-a-szent-imre-plebaniaval\/\" title=\"INFORM\u00c1CI\u00d3K AZ EGYES\u00dcL\u00c9SR\u00d6L ITT\"><span class=\"widget-title-span\">INFORM\u00c1CI\u00d3K AZ EGYES\u00dcL\u00c9SR\u00d6L ITT<\/span><\/a><\/h3><div  class=\"rpwe-block\"><ul class=\"rpwe-ul\"><li class=\"rpwe-li rpwe-clearfix\"><a class=\"rpwe-img\" href=\"https:\/\/stemeric.com\/hu\/a-puspok-rendelete-a-szent-erzsebet-plebania-egyesuleserol-a-szent-imre-plebaniaval\/\" target=\"_self\"><img data-recalc-dims=\"1\" class=\"rpwe-aligncenter rpwe-thumb lazyload\" data-src=\"https:\/\/i0.wp.com\/stemeric.com\/wp-content\/uploads\/2023\/08\/Family-church-art.png?resize=370%2C0&#038;ssl=1\" alt=\"A leg\u00fajabb h\u00edrek \u00e9s a p\u00fcsp\u00f6k rendeletei a Szent Erzs\u00e9bet Pl\u00e9b\u00e1nia egyes\u00fcl\u00e9s\u00e9r\u0151l a Szent Imre Pl\u00e9b\u00e1ni\u00e1val\" height=\"0\" width=\"370\" decoding=\"async\" src=\"data:image\/svg+xml;base64,PHN2ZyB3aWR0aD0iMSIgaGVpZ2h0PSIxIiB4bWxucz0iaHR0cDovL3d3dy53My5vcmcvMjAwMC9zdmciPjwvc3ZnPg==\"><\/a><h3 class=\"rpwe-title\"><a href=\"https:\/\/stemeric.com\/hu\/a-puspok-rendelete-a-szent-erzsebet-plebania-egyesuleserol-a-szent-imre-plebaniaval\/\" target=\"_self\">A leg\u00fajabb h\u00edrek \u00e9s a p\u00fcsp\u00f6k rendeletei a Szent Erzs\u00e9bet Pl\u00e9b\u00e1nia egyes\u00fcl\u00e9s\u00e9r\u0151l a Szent Imre Pl\u00e9b\u00e1ni\u00e1val<\/a><\/h3><\/li><\/ul><\/div><!-- Generated by http:\/\/wordpress.org\/plugins\/recent-posts-widget-extended\/ --><\/div><div id=\"panel-149-0-0-3\" class=\"so-panel widget widget_sow-image panel-last-child\" data-index=\"3\" ><div\n\t\t\t\n\t\t\tclass=\"so-widget-sow-image so-widget-sow-image-default-334eeca80698-12568\"\n\t\t\t\n\t\t><h3 class=\"widget-title\">Adom\u00e1nyok:<\/h3>\n<div class=\"sow-image-container\">\n\t\t\t<a href=\"https:\/\/stemeric.com\/hu\/adomanyok\/\"\n\t\t\t\t\t>\n\t\t\t<img \n\tdata-src=\"https:\/\/i0.wp.com\/stemeric.com\/wp-content\/uploads\/2020\/04\/online-giving-2.jpg?fit=300%2C225&amp;ssl=1\" width=\"300\" height=\"225\" data-srcset=\"https:\/\/i0.wp.com\/stemeric.com\/wp-content\/uploads\/2020\/04\/online-giving-2.jpg?w=1500&amp;ssl=1 1500w, https:\/\/i0.wp.com\/stemeric.com\/wp-content\/uploads\/2020\/04\/online-giving-2.jpg?resize=300%2C225&amp;ssl=1 300w, https:\/\/i0.wp.com\/stemeric.com\/wp-content\/uploads\/2020\/04\/online-giving-2.jpg?resize=800%2C600&amp;ssl=1 800w, https:\/\/i0.wp.com\/stemeric.com\/wp-content\/uploads\/2020\/04\/online-giving-2.jpg?resize=768%2C576&amp;ssl=1 768w\" title=\"Adom\u00e1nyok:\" alt=\"\" \t\tclass=\"so-widget-image lazyload\" src=\"data:image\/svg+xml;base64,PHN2ZyB3aWR0aD0iMSIgaGVpZ2h0PSIxIiB4bWxucz0iaHR0cDovL3d3dy53My5vcmcvMjAwMC9zdmciPjwvc3ZnPg==\" style=\"--smush-placeholder-width: 300px; --smush-placeholder-aspect-ratio: 300\/225;\" \/>\n\t\t\t<\/a><\/div>\n\n<\/div><\/div><\/div><div id=\"pgc-149-0-1\"  class=\"panel-grid-cell\" ><div id=\"panel-149-0-1-0\" class=\"so-panel widget widget_sow-image panel-first-child panel-last-child\" data-index=\"4\" ><div\n\t\t\t\n\t\t\tclass=\"so-widget-sow-image so-widget-sow-image-default-dbf295114b96-12568\"\n\t\t\t\n\t\t>\n<div class=\"sow-image-container\">\n\t\t<img \n\tdata-src=\"https:\/\/i0.wp.com\/stemeric.com\/wp-content\/uploads\/2015\/11\/LJC.png?fit=350%2C100&amp;ssl=1\" width=\"350\" height=\"100\" data-srcset=\"https:\/\/i0.wp.com\/stemeric.com\/wp-content\/uploads\/2015\/11\/LJC.png?w=350&amp;ssl=1 350w, https:\/\/i0.wp.com\/stemeric.com\/wp-content\/uploads\/2015\/11\/LJC.png?resize=300%2C86&amp;ssl=1 300w\" alt=\"\" \t\tclass=\"so-widget-image lazyload\" src=\"data:image\/svg+xml;base64,PHN2ZyB3aWR0aD0iMSIgaGVpZ2h0PSIxIiB4bWxucz0iaHR0cDovL3d3dy53My5vcmcvMjAwMC9zdmciPjwvc3ZnPg==\" style=\"--smush-placeholder-width: 350px; --smush-placeholder-aspect-ratio: 350\/100;\" \/>\n\t<\/div>\n\n<\/div><\/div><\/div><div id=\"pgc-149-0-2\"  class=\"panel-grid-cell\" ><div id=\"panel-149-0-2-0\" class=\"so-panel widget widget_rpwe_widget rpwe_widget recent-posts-extended panel-first-child\" data-index=\"5\" ><style>.rpwe-block ul{\nlist-style: none !important;\nmargin-left: 0 !important;\npadding-left: 0 !important;\n}\n\n.rpwe-block li{\nborder-bottom: 1px solid #eee;\nmargin-bottom: 10px;\npadding-bottom: 10px;\nlist-style-type: none;\n}\n\n.rpwe-block a{\ndisplay: inline !important;\ntext-decoration: none;\n}\n\n.rpwe-block h3{\nbackground: none !important;\nclear: none;\nmargin-bottom: 0 !important;\nmargin-top: 0 !important;\nfont-weight: 400;\nfont-size: 18px !important;\nline-height: 1.5em;\n}\n\n.rpwe-thumb{\nborder: 1px solid #eee !important;\nbox-shadow: none !important;\nmargin: 2px 10px 2px 0;\npadding: 3px !important;\n}\n\n.rpwe-summary{\nfont-size: 12px;\n}\n\n.rpwe-time{\ncolor: #bbb;\nfont-size: 11px;\n}\n\n.rpwe-comment{\ncolor: #bbb;\nfont-size: 11px;\npadding-left: 5px;\n}\n\n.rpwe-alignleft{\ndisplay: inline;\nfloat: left;\n}\n\n.rpwe-alignright{\ndisplay: inline;\nfloat: right;\n}\n\n.rpwe-aligncenter{\ndisplay: block;\nmargin-left: auto;\nmargin-right: auto;\n}\n\n.rpwe-clearfix:before,\n.rpwe-clearfix:after{\ncontent: &quot;&quot;;\ndisplay: table !important;\n}\n\n.rpwe-clearfix:after{\nclear: both;\n}\n\n.rpwe-clearfix{\nzoom: 1;\n}\n<\/style><h3 class=\"widget-title\"><a href=\"https:\/\/stemeric.com\/hu\/category\/ertesito\/\" title=\"Templomi \u00e9rtes\u00edt\u0151k\"><span class=\"widget-title-span\">Templomi \u00e9rtes\u00edt\u0151k<\/span><\/a><\/h3><div  class=\"rpwe-block\"><ul class=\"rpwe-ul\"><li class=\"rpwe-li rpwe-clearfix\"><a class=\"rpwe-img\" href=\"https:\/\/stemeric.com\/hu\/husvet-3-vasarnapja-2026-aprilis-19\/\" target=\"_self\"><img data-recalc-dims=\"1\" class=\"rpwe-aligncenter rpwe-thumb lazyload\" data-src=\"https:\/\/i0.wp.com\/stemeric.com\/wp-content\/uploads\/2026\/04\/Duccio_di_Buoninsegna_Emaus-scaled.jpg?resize=370%2C0&#038;ssl=1\" alt=\"H\u00daSV\u00c9T 3. VAS\u00c1RNAPJA \u2013 2026, \u00e1prilis 19.\" height=\"0\" width=\"370\" decoding=\"async\" src=\"data:image\/svg+xml;base64,PHN2ZyB3aWR0aD0iMSIgaGVpZ2h0PSIxIiB4bWxucz0iaHR0cDovL3d3dy53My5vcmcvMjAwMC9zdmciPjwvc3ZnPg==\"><\/a><h3 class=\"rpwe-title\"><a href=\"https:\/\/stemeric.com\/hu\/husvet-3-vasarnapja-2026-aprilis-19\/\" target=\"_self\">H\u00daSV\u00c9T 3. VAS\u00c1RNAPJA \u2013 2026, \u00e1prilis 19.<\/a><\/h3><\/li><\/ul><\/div><!-- Generated by http:\/\/wordpress.org\/plugins\/recent-posts-widget-extended\/ --><\/div><div id=\"panel-149-0-2-1\" class=\"so-panel widget widget_rpwe_widget rpwe_widget recent-posts-extended\" data-index=\"6\" ><style>.rpwe-block ul{\nlist-style: none !important;\nmargin-left: 0 !important;\npadding-left: 0 !important;\n}\n\n.rpwe-block li{\nborder-bottom: 1px solid #eee;\nmargin-bottom: 10px;\npadding-bottom: 10px;\nlist-style-type: none;\n}\n\n.rpwe-block a{\ndisplay: inline !important;\ntext-decoration: none;\n}\n\n.rpwe-block h3{\nbackground: none !important;\nclear: none;\nmargin-bottom: 0 !important;\nmargin-top: 0 !important;\nfont-weight: 400;\nfont-size: 18px !important;\nline-height: 1.5em;\n}\n\n.rpwe-thumb{\nborder: 1px solid #eee !important;\nbox-shadow: none !important;\nmargin: 2px 10px 2px 0;\npadding: 3px !important;\n}\n\n.rpwe-summary{\nfont-size: 12px;\n}\n\n.rpwe-time{\ncolor: #bbb;\nfont-size: 11px;\n}\n\n.rpwe-comment{\ncolor: #bbb;\nfont-size: 11px;\npadding-left: 5px;\n}\n\n.rpwe-alignleft{\ndisplay: inline;\nfloat: left;\n}\n\n.rpwe-alignright{\ndisplay: inline;\nfloat: right;\n}\n\n.rpwe-aligncenter{\ndisplay: block;\nmargin-left: auto;\nmargin-right: auto;\n}\n\n.rpwe-clearfix:before,\n.rpwe-clearfix:after{\ncontent: &quot;&quot;;\ndisplay: table !important;\n}\n\n.rpwe-clearfix:after{\nclear: both;\n}\n\n.rpwe-clearfix{\nzoom: 1;\n}\n<\/style><h3 class=\"widget-title\"><a href=\"https:\/\/stemeric.com\/hu\/category\/hirek\/\" title=\"H\u00edrek\"><span class=\"widget-title-span\">H\u00edrek<\/span><\/a><\/h3><div  class=\"rpwe-block\"><ul class=\"rpwe-ul\"><li class=\"rpwe-li rpwe-clearfix\"><a class=\"rpwe-img\" href=\"https:\/\/stemeric.com\/hu\/baratok-es-oregdiakok-ebedje-a-szent-erzsebet-kegyhelyen-2026-aprilis-19\/\" target=\"_self\"><img data-recalc-dims=\"1\" class=\"rpwe-aligncenter rpwe-thumb lazyload\" data-src=\"https:\/\/i0.wp.com\/stemeric.com\/wp-content\/uploads\/2026\/04\/St_Elizabeth_Cleveland_Ohio.jpg?resize=370%2C0&#038;ssl=1\" alt=\"BAR\u00c1TOK \u00c9S \u00d6REGDI\u00c1KOK EB\u00c9DJE A SZENT ERZS\u00c9BET KEGYHELYEN &#8211; 2026. \u00c1PRILIS 19.\" height=\"0\" width=\"370\" decoding=\"async\" src=\"data:image\/svg+xml;base64,PHN2ZyB3aWR0aD0iMSIgaGVpZ2h0PSIxIiB4bWxucz0iaHR0cDovL3d3dy53My5vcmcvMjAwMC9zdmciPjwvc3ZnPg==\"><\/a><h3 class=\"rpwe-title\"><a href=\"https:\/\/stemeric.com\/hu\/baratok-es-oregdiakok-ebedje-a-szent-erzsebet-kegyhelyen-2026-aprilis-19\/\" target=\"_self\">BAR\u00c1TOK \u00c9S \u00d6REGDI\u00c1KOK EB\u00c9DJE A SZENT ERZS\u00c9BET KEGYHELYEN &#8211; 2026. \u00c1PRILIS 19.<\/a><\/h3><\/li><\/ul><\/div><!-- Generated by http:\/\/wordpress.org\/plugins\/recent-posts-widget-extended\/ --><\/div><div id=\"panel-149-0-2-2\" class=\"so-panel widget widget_rpwe_widget rpwe_widget recent-posts-extended\" data-index=\"7\" ><style>.rpwe-block ul{\nlist-style: none !important;\nmargin-left: 0 !important;\npadding-left: 0 !important;\n}\n\n.rpwe-block li{\nborder-bottom: 1px solid #eee;\nmargin-bottom: 10px;\npadding-bottom: 10px;\nlist-style-type: none;\n}\n\n.rpwe-block a{\ndisplay: inline !important;\ntext-decoration: none;\n}\n\n.rpwe-block h3{\nbackground: none !important;\nclear: none;\nmargin-bottom: 0 !important;\nmargin-top: 0 !important;\nfont-weight: 400;\nfont-size: 18px !important;\nline-height: 1.5em;\n}\n\n.rpwe-thumb{\nborder: 1px solid #eee !important;\nbox-shadow: none !important;\nmargin: 2px 10px 2px 0;\npadding: 3px !important;\n}\n\n.rpwe-summary{\nfont-size: 12px;\n}\n\n.rpwe-time{\ncolor: #bbb;\nfont-size: 11px;\n}\n\n.rpwe-comment{\ncolor: #bbb;\nfont-size: 11px;\npadding-left: 5px;\n}\n\n.rpwe-alignleft{\ndisplay: inline;\nfloat: left;\n}\n\n.rpwe-alignright{\ndisplay: inline;\nfloat: right;\n}\n\n.rpwe-aligncenter{\ndisplay: block;\nmargin-left: auto;\nmargin-right: auto;\n}\n\n.rpwe-clearfix:before,\n.rpwe-clearfix:after{\ncontent: &quot;&quot;;\ndisplay: table !important;\n}\n\n.rpwe-clearfix:after{\nclear: both;\n}\n\n.rpwe-clearfix{\nzoom: 1;\n}\n<\/style><h3 class=\"widget-title\"><a href=\"https:\/\/stemeric.com\/hu\/category\/galeria\/\" title=\"Gal\u00e9ri\u00e1k\"><span class=\"widget-title-span\">Gal\u00e9ri\u00e1k<\/span><\/a><\/h3><div  class=\"rpwe-block\"><ul class=\"rpwe-ul\"><li class=\"rpwe-li rpwe-clearfix\"><a class=\"rpwe-img\" href=\"https:\/\/stemeric.com\/hu\/aldott-es-boldog-husveti-unnepeket-2026-aprilis-5\/\" target=\"_self\"><img data-recalc-dims=\"1\" class=\"rpwe-aligncenter rpwe-thumb lazyload\" data-src=\"https:\/\/i0.wp.com\/stemeric.com\/wp-content\/uploads\/2026\/04\/20260405_124700-scaled.jpg?resize=370%2C0&#038;ssl=1\" alt=\"\u00c1LDOTT \u00c9S BOLDOG H\u00daSV\u00c9TI \u00dcNNEPEKET! &#8211; 2026. \u00c1PRILIS 5.\" height=\"0\" width=\"370\" decoding=\"async\" src=\"data:image\/svg+xml;base64,PHN2ZyB3aWR0aD0iMSIgaGVpZ2h0PSIxIiB4bWxucz0iaHR0cDovL3d3dy53My5vcmcvMjAwMC9zdmciPjwvc3ZnPg==\"><\/a><h3 class=\"rpwe-title\"><a href=\"https:\/\/stemeric.com\/hu\/aldott-es-boldog-husveti-unnepeket-2026-aprilis-5\/\" target=\"_self\">\u00c1LDOTT \u00c9S BOLDOG H\u00daSV\u00c9TI \u00dcNNEPEKET! &#8211; 2026. \u00c1PRILIS 5.<\/a><\/h3><\/li><\/ul><\/div><!-- Generated by http:\/\/wordpress.org\/plugins\/recent-posts-widget-extended\/ --><\/div><div id=\"panel-149-0-2-3\" class=\"so-panel widget widget_sow-video panel-last-child\" data-index=\"8\" ><div\n\t\t\t\n\t\t\tclass=\"so-widget-sow-video so-widget-sow-video-default-c08170c47cfb-17491\"\n\t\t\t\n\t\t><h3 class=\"widget-title\">A Szent Imre templom \u00e9p\u00fclet 100 \u00e9ves!<\/h3>\n<div class=\"sow-video-wrapper\n use-fitvids\">\n\t\t\t<iframe title=\"100 \u00e9v h\u0171s\u00e9gben \u2013 A clevelandi Szent Imre Templom jubileumi \u00fcnneps\u00e9g\" width=\"800\" height=\"450\" data-src=\"https:\/\/www.youtube.com\/embed\/QMwn09RwOLc?feature=oembed&enablejsapi=1\" frameborder=\"0\" allow=\"accelerometer; autoplay; clipboard-write; encrypted-media; gyroscope; picture-in-picture; web-share\" referrerpolicy=\"strict-origin-when-cross-origin\" allowfullscreen allowfullscreen mozallowfullscreen webkitallowfullscreen sandbox=\"allow-scripts allow-same-origin allow-presentation\" src=\"data:image\/svg+xml;base64,PHN2ZyB3aWR0aD0iMSIgaGVpZ2h0PSIxIiB4bWxucz0iaHR0cDovL3d3dy53My5vcmcvMjAwMC9zdmciPjwvc3ZnPg==\" class=\"lazyload\" data-load-mode=\"1\"><\/iframe>\t<\/div>\n<\/div><\/div><\/div><\/div><\/div>","protected":false},"excerpt":{"rendered":"<p>Rendes mise id\u0151pontok ezen a h\u00e9ten H\u00e9tk\u00f6znap, h\u00e9tf\u0151t\u0151l p\u00e9ntekig: de. 9:00 Szombat: du. 5:00 &#8211; angolul Vas\u00e1rnap: de. 9:00 &#8211; angolul de. 11:00 &#8211; magyarul K\u00f6vessen minket a Facebook-on \u00e9s n\u00e9zze az \u00e9l\u0151ben k\u00f6zvet\u00edtett mis\u00e9ket &lt;span class=&quot;widget-title-span&quot;&gt;K\u00f6vessen minket a Facebook-on \u00e9s n\u00e9zze az \u00e9l\u0151ben k\u00f6zvet\u00edtett mis\u00e9ket&lt;\/span&gt; INFORM\u00c1CI\u00d3K AZ EGYES\u00dcL\u00c9SR\u00d6L ITTA leg\u00fajabb h\u00edrek \u00e9s a p\u00fcsp\u00f6k [&hellip;]<\/p>\n","protected":false},"author":2,"featured_media":3770,"parent":0,"menu_order":0,"comment_status":"closed","ping_status":"closed","template":"template-widgets.php","meta":{"jetpack_post_was_ever_published":false,"footnotes":""},"class_list":["post-149","page","type-page","status-publish","has-post-thumbnail","hentry"],"yoast_head":"<!-- This site is optimized with the Yoast SEO plugin v27.4 - https:\/\/yoast.com\/product\/yoast-seo-wordpress\/ -->\n<title>Home - St. Emeric Church<\/title>\n<meta name=\"robots\" content=\"index, follow, max-snippet:-1, max-image-preview:large, max-video-preview:-1\" \/>\n<link rel=\"canonical\" href=\"https:\/\/stemeric.com\/hu\/\" \/>\n<meta property=\"og:locale\" content=\"hu_HU\" \/>\n<meta property=\"og:type\" content=\"article\" \/>\n<meta property=\"og:title\" content=\"Home - St. Emeric Church\" \/>\n<meta property=\"og:description\" content=\"Rendes mise id\u0151pontok ezen a h\u00e9ten H\u00e9tk\u00f6znap, h\u00e9tf\u0151t\u0151l p\u00e9ntekig: de. 9:00 Szombat: du. 5:00 - angolul Vas\u00e1rnap: de. 9:00 - angolul de. 11:00 - magyarul K\u00f6vessen minket a Facebook-on \u00e9s n\u00e9zze az \u00e9l\u0151ben k\u00f6zvet\u00edtett mis\u00e9ket &lt;span class=&quot;widget-title-span&quot;&gt;K\u00f6vessen minket a Facebook-on \u00e9s n\u00e9zze az \u00e9l\u0151ben k\u00f6zvet\u00edtett mis\u00e9ket&lt;\/span&gt; INFORM\u00c1CI\u00d3K AZ EGYES\u00dcL\u00c9SR\u00d6L ITTA leg\u00fajabb h\u00edrek \u00e9s a p\u00fcsp\u00f6k [&hellip;]\" \/>\n<meta property=\"og:url\" content=\"https:\/\/stemeric.com\/hu\/\" \/>\n<meta property=\"og:site_name\" content=\"St. Emeric Church\" \/>\n<meta property=\"article:publisher\" content=\"https:\/\/www.facebook.com\/saintemeric\" \/>\n<meta property=\"article:modified_time\" content=\"2026-04-19T22:43:13+00:00\" \/>\n<meta property=\"og:image\" content=\"https:\/\/stemeric.com\/wp-content\/uploads\/2015\/11\/Hatter.jpg\" \/>\n\t<meta property=\"og:image:width\" content=\"800\" \/>\n\t<meta property=\"og:image:height\" content=\"500\" \/>\n\t<meta property=\"og:image:type\" content=\"image\/jpeg\" \/>\n<meta name=\"twitter:card\" content=\"summary_large_image\" \/>\n<meta name=\"twitter:label1\" content=\"Becs\u00fclt olvas\u00e1si id\u0151\" \/>\n\t<meta name=\"twitter:data1\" content=\"2 perc\" \/>\n<script type=\"application\/ld+json\" class=\"yoast-schema-graph\">{\"@context\":\"https:\\\/\\\/schema.org\",\"@graph\":[{\"@type\":\"WebPage\",\"@id\":\"https:\\\/\\\/stemeric.com\\\/hu\\\/\",\"url\":\"https:\\\/\\\/stemeric.com\\\/hu\\\/\",\"name\":\"Home - St. Emeric Church\",\"isPartOf\":{\"@id\":\"https:\\\/\\\/stemeric.com\\\/#website\"},\"primaryImageOfPage\":{\"@id\":\"https:\\\/\\\/stemeric.com\\\/hu\\\/#primaryimage\"},\"image\":{\"@id\":\"https:\\\/\\\/stemeric.com\\\/hu\\\/#primaryimage\"},\"thumbnailUrl\":\"https:\\\/\\\/i0.wp.com\\\/stemeric.com\\\/wp-content\\\/uploads\\\/2015\\\/11\\\/Hatter.jpg?fit=800%2C500&ssl=1\",\"datePublished\":\"2015-11-10T04:05:57+00:00\",\"dateModified\":\"2026-04-19T22:43:13+00:00\",\"breadcrumb\":{\"@id\":\"https:\\\/\\\/stemeric.com\\\/hu\\\/#breadcrumb\"},\"inLanguage\":\"hu\",\"potentialAction\":[{\"@type\":\"ReadAction\",\"target\":[\"https:\\\/\\\/stemeric.com\\\/hu\\\/\"]}]},{\"@type\":\"ImageObject\",\"inLanguage\":\"hu\",\"@id\":\"https:\\\/\\\/stemeric.com\\\/hu\\\/#primaryimage\",\"url\":\"https:\\\/\\\/i0.wp.com\\\/stemeric.com\\\/wp-content\\\/uploads\\\/2015\\\/11\\\/Hatter.jpg?fit=800%2C500&ssl=1\",\"contentUrl\":\"https:\\\/\\\/i0.wp.com\\\/stemeric.com\\\/wp-content\\\/uploads\\\/2015\\\/11\\\/Hatter.jpg?fit=800%2C500&ssl=1\",\"width\":800,\"height\":500},{\"@type\":\"BreadcrumbList\",\"@id\":\"https:\\\/\\\/stemeric.com\\\/hu\\\/#breadcrumb\",\"itemListElement\":[{\"@type\":\"ListItem\",\"position\":1,\"name\":\"Home\",\"item\":\"https:\\\/\\\/stemeric.com\\\/hu\\\/\"},{\"@type\":\"ListItem\",\"position\":2,\"name\":\"Home\"}]},{\"@type\":\"WebSite\",\"@id\":\"https:\\\/\\\/stemeric.com\\\/#website\",\"url\":\"https:\\\/\\\/stemeric.com\\\/\",\"name\":\"St. Emeric Church\",\"description\":\"Szent Imre R\u00f3mai Katolikus Magyar Egyh\u00e1zk\u00f6zs\u00e9g\",\"publisher\":{\"@id\":\"https:\\\/\\\/stemeric.com\\\/#organization\"},\"potentialAction\":[{\"@type\":\"SearchAction\",\"target\":{\"@type\":\"EntryPoint\",\"urlTemplate\":\"https:\\\/\\\/stemeric.com\\\/?s={search_term_string}\"},\"query-input\":{\"@type\":\"PropertyValueSpecification\",\"valueRequired\":true,\"valueName\":\"search_term_string\"}}],\"inLanguage\":\"hu\"},{\"@type\":\"Organization\",\"@id\":\"https:\\\/\\\/stemeric.com\\\/#organization\",\"name\":\"St. Emeric Church\",\"url\":\"https:\\\/\\\/stemeric.com\\\/\",\"logo\":{\"@type\":\"ImageObject\",\"inLanguage\":\"hu\",\"@id\":\"https:\\\/\\\/stemeric.com\\\/#\\\/schema\\\/logo\\\/image\\\/\",\"url\":\"https:\\\/\\\/stemeric.com\\\/wp-content\\\/uploads\\\/2015\\\/11\\\/SzentImre4.png\",\"contentUrl\":\"https:\\\/\\\/stemeric.com\\\/wp-content\\\/uploads\\\/2015\\\/11\\\/SzentImre4.png\",\"width\":800,\"height\":167,\"caption\":\"St. Emeric Church\"},\"image\":{\"@id\":\"https:\\\/\\\/stemeric.com\\\/#\\\/schema\\\/logo\\\/image\\\/\"},\"sameAs\":[\"https:\\\/\\\/www.facebook.com\\\/saintemeric\"]}]}<\/script>\n<!-- \/ Yoast SEO plugin. -->","yoast_head_json":{"title":"Home - St. Emeric Church","robots":{"index":"index","follow":"follow","max-snippet":"max-snippet:-1","max-image-preview":"max-image-preview:large","max-video-preview":"max-video-preview:-1"},"canonical":"https:\/\/stemeric.com\/hu\/","og_locale":"hu_HU","og_type":"article","og_title":"Home - St. Emeric Church","og_description":"Rendes mise id\u0151pontok ezen a h\u00e9ten H\u00e9tk\u00f6znap, h\u00e9tf\u0151t\u0151l p\u00e9ntekig: de. 9:00 Szombat: du. 5:00 - angolul Vas\u00e1rnap: de. 9:00 - angolul de. 11:00 - magyarul K\u00f6vessen minket a Facebook-on \u00e9s n\u00e9zze az \u00e9l\u0151ben k\u00f6zvet\u00edtett mis\u00e9ket &lt;span class=&quot;widget-title-span&quot;&gt;K\u00f6vessen minket a Facebook-on \u00e9s n\u00e9zze az \u00e9l\u0151ben k\u00f6zvet\u00edtett mis\u00e9ket&lt;\/span&gt; INFORM\u00c1CI\u00d3K AZ EGYES\u00dcL\u00c9SR\u00d6L ITTA leg\u00fajabb h\u00edrek \u00e9s a p\u00fcsp\u00f6k [&hellip;]","og_url":"https:\/\/stemeric.com\/hu\/","og_site_name":"St. Emeric Church","article_publisher":"https:\/\/www.facebook.com\/saintemeric","article_modified_time":"2026-04-19T22:43:13+00:00","og_image":[{"width":800,"height":500,"url":"https:\/\/stemeric.com\/wp-content\/uploads\/2015\/11\/Hatter.jpg","type":"image\/jpeg"}],"twitter_card":"summary_large_image","twitter_misc":{"Becs\u00fclt olvas\u00e1si id\u0151":"2 perc"},"schema":{"@context":"https:\/\/schema.org","@graph":[{"@type":"WebPage","@id":"https:\/\/stemeric.com\/hu\/","url":"https:\/\/stemeric.com\/hu\/","name":"Home - St. Emeric Church","isPartOf":{"@id":"https:\/\/stemeric.com\/#website"},"primaryImageOfPage":{"@id":"https:\/\/stemeric.com\/hu\/#primaryimage"},"image":{"@id":"https:\/\/stemeric.com\/hu\/#primaryimage"},"thumbnailUrl":"https:\/\/i0.wp.com\/stemeric.com\/wp-content\/uploads\/2015\/11\/Hatter.jpg?fit=800%2C500&ssl=1","datePublished":"2015-11-10T04:05:57+00:00","dateModified":"2026-04-19T22:43:13+00:00","breadcrumb":{"@id":"https:\/\/stemeric.com\/hu\/#breadcrumb"},"inLanguage":"hu","potentialAction":[{"@type":"ReadAction","target":["https:\/\/stemeric.com\/hu\/"]}]},{"@type":"ImageObject","inLanguage":"hu","@id":"https:\/\/stemeric.com\/hu\/#primaryimage","url":"https:\/\/i0.wp.com\/stemeric.com\/wp-content\/uploads\/2015\/11\/Hatter.jpg?fit=800%2C500&ssl=1","contentUrl":"https:\/\/i0.wp.com\/stemeric.com\/wp-content\/uploads\/2015\/11\/Hatter.jpg?fit=800%2C500&ssl=1","width":800,"height":500},{"@type":"BreadcrumbList","@id":"https:\/\/stemeric.com\/hu\/#breadcrumb","itemListElement":[{"@type":"ListItem","position":1,"name":"Home","item":"https:\/\/stemeric.com\/hu\/"},{"@type":"ListItem","position":2,"name":"Home"}]},{"@type":"WebSite","@id":"https:\/\/stemeric.com\/#website","url":"https:\/\/stemeric.com\/","name":"St. Emeric Church","description":"Szent Imre R\u00f3mai Katolikus Magyar Egyh\u00e1zk\u00f6zs\u00e9g","publisher":{"@id":"https:\/\/stemeric.com\/#organization"},"potentialAction":[{"@type":"SearchAction","target":{"@type":"EntryPoint","urlTemplate":"https:\/\/stemeric.com\/?s={search_term_string}"},"query-input":{"@type":"PropertyValueSpecification","valueRequired":true,"valueName":"search_term_string"}}],"inLanguage":"hu"},{"@type":"Organization","@id":"https:\/\/stemeric.com\/#organization","name":"St. Emeric Church","url":"https:\/\/stemeric.com\/","logo":{"@type":"ImageObject","inLanguage":"hu","@id":"https:\/\/stemeric.com\/#\/schema\/logo\/image\/","url":"https:\/\/stemeric.com\/wp-content\/uploads\/2015\/11\/SzentImre4.png","contentUrl":"https:\/\/stemeric.com\/wp-content\/uploads\/2015\/11\/SzentImre4.png","width":800,"height":167,"caption":"St. Emeric Church"},"image":{"@id":"https:\/\/stemeric.com\/#\/schema\/logo\/image\/"},"sameAs":["https:\/\/www.facebook.com\/saintemeric"]}]}},"jetpack_sharing_enabled":true,"jetpack_shortlink":"https:\/\/wp.me\/PffxLh-2p","_links":{"self":[{"href":"https:\/\/stemeric.com\/hu\/wp-json\/wp\/v2\/pages\/149","targetHints":{"allow":["GET"]}}],"collection":[{"href":"https:\/\/stemeric.com\/hu\/wp-json\/wp\/v2\/pages"}],"about":[{"href":"https:\/\/stemeric.com\/hu\/wp-json\/wp\/v2\/types\/page"}],"author":[{"embeddable":true,"href":"https:\/\/stemeric.com\/hu\/wp-json\/wp\/v2\/users\/2"}],"replies":[{"embeddable":true,"href":"https:\/\/stemeric.com\/hu\/wp-json\/wp\/v2\/comments?post=149"}],"version-history":[{"count":150,"href":"https:\/\/stemeric.com\/hu\/wp-json\/wp\/v2\/pages\/149\/revisions"}],"predecessor-version":[{"id":17512,"href":"https:\/\/stemeric.com\/hu\/wp-json\/wp\/v2\/pages\/149\/revisions\/17512"}],"wp:featuredmedia":[{"embeddable":true,"href":"https:\/\/stemeric.com\/hu\/wp-json\/wp\/v2\/media\/3770"}],"wp:attachment":[{"href":"https:\/\/stemeric.com\/hu\/wp-json\/wp\/v2\/media?parent=149"}],"curies":[{"name":"wp","href":"https:\/\/api.w.org\/{rel}","templated":true}]}}