{"id":509,"date":"2015-12-11T19:45:26","date_gmt":"2015-12-12T00:45:26","guid":{"rendered":"https:\/\/stemeric.com\/hu\/?page_id=509"},"modified":"2020-04-03T23:39:49","modified_gmt":"2020-04-04T03:39:49","slug":"linkek","status":"publish","type":"page","link":"https:\/\/stemeric.com\/hu\/linkek\/","title":{"rendered":"Linkek"},"content":{"rendered":"<h3><a href=\"https:\/\/w2.vatican.va\/content\/vatican\/en.html\" target=\"_blank\" rel=\"noopener noreferrer\">The Holy See<\/a><\/h3>\n<h3><a href=\"https:\/\/www.dioceseofcleveland.org\/\" target=\"_blank\" rel=\"noopener noreferrer\">Diocese of Cleveland<\/a><\/h3>\n<h3><a href=\"https:\/\/www.ocfecleveland.org\/\" target=\"_blank\" rel=\"noopener noreferrer\">Catechetical Formation and Education<\/a><\/h3>\n<h3><a href=\"https:\/\/ccdocle.org\/\" rel=\"nofollow\">Catholic Charities, Diocese of Cleveland<\/a><\/h3>\n<h3><a href=\"https:\/\/uj.katolikus.hu\/\" target=\"_blank\" rel=\"noopener noreferrer\"> Magyar Katolikus P\u00fcsp\u00f6ki Konferencia<\/a><\/h3>\n<h3><a href=\"https:\/\/www.katolikusradio.hu\/\" target=\"_blank\" rel=\"noopener noreferrer\">Magyar Katolikus R\u00e1di\u00f3<\/a><\/h3>\n<h3><a href=\"https:\/\/veszpremiersekseg.hu\/\" target=\"_blank\" rel=\"noopener noreferrer\">Veszpr\u00e9mi \u00c9rseks\u00e9g<\/a><\/h3>\n<h3><a href=\"https:\/\/www.clevelandcserkesz.org\/\" target=\"_blank\" rel=\"noopener noreferrer\">Clevelandi Magyar Cserk\u00e9szcsapatok<\/a><\/h3>\n<h3><a href=\"https:\/\/csbk.org\/\">Cserk\u00e9sz Bar\u00e1tok K\u00f6re<\/a><\/h3>\n<h3><a href=\"https:\/\/clevelandhungarianmuseum.org\/\" target=\"_blank\" rel=\"noopener noreferrer\">Cleveland Hungarian Museum<\/a><\/h3>\n<h3><a href=\"https:\/\/www.hungariancleveland.org\/\" target=\"_blank\" rel=\"noopener noreferrer\">United Hungarian Societies<\/a><\/h3>\n<h3><a href=\"https:\/\/www.bocskairadio.org\/\" target=\"_blank\" rel=\"noopener noreferrer\">Bocskai R\u00e1di\u00f3<\/a><\/h3>\n","protected":false},"excerpt":{"rendered":"<p>The Holy See Diocese of Cleveland Catechetical Formation and Education Catholic Charities, Diocese of Cleveland Magyar Katolikus P\u00fcsp\u00f6ki Konferencia Magyar Katolikus R\u00e1di\u00f3 Veszpr\u00e9mi \u00c9rseks\u00e9g Clevelandi Magyar Cserk\u00e9szcsapatok Cserk\u00e9sz Bar\u00e1tok K\u00f6re Cleveland Hungarian Museum United Hungarian Societies Bocskai R\u00e1di\u00f3<\/p>\n","protected":false},"author":2,"featured_media":0,"parent":0,"menu_order":0,"comment_status":"closed","ping_status":"closed","template":"","meta":{"jetpack_post_was_ever_published":false,"footnotes":""},"class_list":["post-509","page","type-page","status-publish","hentry"],"yoast_head":"<!-- This site is optimized with the Yoast SEO plugin v27.3 - https:\/\/yoast.com\/product\/yoast-seo-wordpress\/ -->\n<title>Linkek - St. Emeric Church<\/title>\n<meta name=\"robots\" content=\"index, follow, max-snippet:-1, max-image-preview:large, max-video-preview:-1\" \/>\n<link rel=\"canonical\" href=\"https:\/\/stemeric.com\/other-links\/\" \/>\n<meta property=\"og:locale\" content=\"hu_HU\" \/>\n<meta property=\"og:type\" content=\"article\" \/>\n<meta property=\"og:title\" content=\"Linkek - St. Emeric Church\" \/>\n<meta property=\"og:description\" content=\"The Holy See Diocese of Cleveland Catechetical Formation and Education Catholic Charities, Diocese of Cleveland Magyar Katolikus P\u00fcsp\u00f6ki Konferencia Magyar Katolikus R\u00e1di\u00f3 Veszpr\u00e9mi \u00c9rseks\u00e9g Clevelandi Magyar Cserk\u00e9szcsapatok Cserk\u00e9sz Bar\u00e1tok K\u00f6re Cleveland Hungarian Museum United Hungarian Societies Bocskai R\u00e1di\u00f3\" \/>\n<meta property=\"og:url\" content=\"https:\/\/stemeric.com\/other-links\/\" \/>\n<meta property=\"og:site_name\" content=\"St. Emeric Church\" \/>\n<meta property=\"article:publisher\" content=\"https:\/\/www.facebook.com\/saintemeric\" \/>\n<meta property=\"article:modified_time\" content=\"2020-04-04T03:39:49+00:00\" \/>\n<meta name=\"twitter:card\" content=\"summary_large_image\" \/>\n<script type=\"application\/ld+json\" class=\"yoast-schema-graph\">{\"@context\":\"https:\\\/\\\/schema.org\",\"@graph\":[{\"@type\":\"WebPage\",\"@id\":\"https:\\\/\\\/stemeric.com\\\/other-links\\\/\",\"url\":\"https:\\\/\\\/stemeric.com\\\/other-links\\\/\",\"name\":\"Linkek - St. Emeric Church\",\"isPartOf\":{\"@id\":\"https:\\\/\\\/stemeric.com\\\/#website\"},\"datePublished\":\"2015-12-12T00:45:26+00:00\",\"dateModified\":\"2020-04-04T03:39:49+00:00\",\"breadcrumb\":{\"@id\":\"https:\\\/\\\/stemeric.com\\\/other-links\\\/#breadcrumb\"},\"inLanguage\":\"hu\",\"potentialAction\":[{\"@type\":\"ReadAction\",\"target\":[\"https:\\\/\\\/stemeric.com\\\/other-links\\\/\"]}]},{\"@type\":\"BreadcrumbList\",\"@id\":\"https:\\\/\\\/stemeric.com\\\/other-links\\\/#breadcrumb\",\"itemListElement\":[{\"@type\":\"ListItem\",\"position\":1,\"name\":\"Home\",\"item\":\"https:\\\/\\\/stemeric.com\\\/hu\\\/\"},{\"@type\":\"ListItem\",\"position\":2,\"name\":\"Linkek\"}]},{\"@type\":\"WebSite\",\"@id\":\"https:\\\/\\\/stemeric.com\\\/#website\",\"url\":\"https:\\\/\\\/stemeric.com\\\/\",\"name\":\"St. Emeric Church\",\"description\":\"Szent Imre R\u00f3mai Katolikus Magyar Egyh\u00e1zk\u00f6zs\u00e9g\",\"publisher\":{\"@id\":\"https:\\\/\\\/stemeric.com\\\/#organization\"},\"potentialAction\":[{\"@type\":\"SearchAction\",\"target\":{\"@type\":\"EntryPoint\",\"urlTemplate\":\"https:\\\/\\\/stemeric.com\\\/?s={search_term_string}\"},\"query-input\":{\"@type\":\"PropertyValueSpecification\",\"valueRequired\":true,\"valueName\":\"search_term_string\"}}],\"inLanguage\":\"hu\"},{\"@type\":\"Organization\",\"@id\":\"https:\\\/\\\/stemeric.com\\\/#organization\",\"name\":\"St. Emeric Church\",\"url\":\"https:\\\/\\\/stemeric.com\\\/\",\"logo\":{\"@type\":\"ImageObject\",\"inLanguage\":\"hu\",\"@id\":\"https:\\\/\\\/stemeric.com\\\/#\\\/schema\\\/logo\\\/image\\\/\",\"url\":\"https:\\\/\\\/stemeric.com\\\/wp-content\\\/uploads\\\/2015\\\/11\\\/SzentImre4.png\",\"contentUrl\":\"https:\\\/\\\/stemeric.com\\\/wp-content\\\/uploads\\\/2015\\\/11\\\/SzentImre4.png\",\"width\":800,\"height\":167,\"caption\":\"St. Emeric Church\"},\"image\":{\"@id\":\"https:\\\/\\\/stemeric.com\\\/#\\\/schema\\\/logo\\\/image\\\/\"},\"sameAs\":[\"https:\\\/\\\/www.facebook.com\\\/saintemeric\"]}]}<\/script>\n<!-- \/ Yoast SEO plugin. -->","yoast_head_json":{"title":"Linkek - St. Emeric Church","robots":{"index":"index","follow":"follow","max-snippet":"max-snippet:-1","max-image-preview":"max-image-preview:large","max-video-preview":"max-video-preview:-1"},"canonical":"https:\/\/stemeric.com\/other-links\/","og_locale":"hu_HU","og_type":"article","og_title":"Linkek - St. Emeric Church","og_description":"The Holy See Diocese of Cleveland Catechetical Formation and Education Catholic Charities, Diocese of Cleveland Magyar Katolikus P\u00fcsp\u00f6ki Konferencia Magyar Katolikus R\u00e1di\u00f3 Veszpr\u00e9mi \u00c9rseks\u00e9g Clevelandi Magyar Cserk\u00e9szcsapatok Cserk\u00e9sz Bar\u00e1tok K\u00f6re Cleveland Hungarian Museum United Hungarian Societies Bocskai R\u00e1di\u00f3","og_url":"https:\/\/stemeric.com\/other-links\/","og_site_name":"St. Emeric Church","article_publisher":"https:\/\/www.facebook.com\/saintemeric","article_modified_time":"2020-04-04T03:39:49+00:00","twitter_card":"summary_large_image","schema":{"@context":"https:\/\/schema.org","@graph":[{"@type":"WebPage","@id":"https:\/\/stemeric.com\/other-links\/","url":"https:\/\/stemeric.com\/other-links\/","name":"Linkek - St. Emeric Church","isPartOf":{"@id":"https:\/\/stemeric.com\/#website"},"datePublished":"2015-12-12T00:45:26+00:00","dateModified":"2020-04-04T03:39:49+00:00","breadcrumb":{"@id":"https:\/\/stemeric.com\/other-links\/#breadcrumb"},"inLanguage":"hu","potentialAction":[{"@type":"ReadAction","target":["https:\/\/stemeric.com\/other-links\/"]}]},{"@type":"BreadcrumbList","@id":"https:\/\/stemeric.com\/other-links\/#breadcrumb","itemListElement":[{"@type":"ListItem","position":1,"name":"Home","item":"https:\/\/stemeric.com\/hu\/"},{"@type":"ListItem","position":2,"name":"Linkek"}]},{"@type":"WebSite","@id":"https:\/\/stemeric.com\/#website","url":"https:\/\/stemeric.com\/","name":"St. Emeric Church","description":"Szent Imre R\u00f3mai Katolikus Magyar Egyh\u00e1zk\u00f6zs\u00e9g","publisher":{"@id":"https:\/\/stemeric.com\/#organization"},"potentialAction":[{"@type":"SearchAction","target":{"@type":"EntryPoint","urlTemplate":"https:\/\/stemeric.com\/?s={search_term_string}"},"query-input":{"@type":"PropertyValueSpecification","valueRequired":true,"valueName":"search_term_string"}}],"inLanguage":"hu"},{"@type":"Organization","@id":"https:\/\/stemeric.com\/#organization","name":"St. Emeric Church","url":"https:\/\/stemeric.com\/","logo":{"@type":"ImageObject","inLanguage":"hu","@id":"https:\/\/stemeric.com\/#\/schema\/logo\/image\/","url":"https:\/\/stemeric.com\/wp-content\/uploads\/2015\/11\/SzentImre4.png","contentUrl":"https:\/\/stemeric.com\/wp-content\/uploads\/2015\/11\/SzentImre4.png","width":800,"height":167,"caption":"St. Emeric Church"},"image":{"@id":"https:\/\/stemeric.com\/#\/schema\/logo\/image\/"},"sameAs":["https:\/\/www.facebook.com\/saintemeric"]}]}},"jetpack_sharing_enabled":true,"jetpack_shortlink":"https:\/\/wp.me\/PffxLh-8d","_links":{"self":[{"href":"https:\/\/stemeric.com\/hu\/wp-json\/wp\/v2\/pages\/509","targetHints":{"allow":["GET"]}}],"collection":[{"href":"https:\/\/stemeric.com\/hu\/wp-json\/wp\/v2\/pages"}],"about":[{"href":"https:\/\/stemeric.com\/hu\/wp-json\/wp\/v2\/types\/page"}],"author":[{"embeddable":true,"href":"https:\/\/stemeric.com\/hu\/wp-json\/wp\/v2\/users\/2"}],"replies":[{"embeddable":true,"href":"https:\/\/stemeric.com\/hu\/wp-json\/wp\/v2\/comments?post=509"}],"version-history":[{"count":2,"href":"https:\/\/stemeric.com\/hu\/wp-json\/wp\/v2\/pages\/509\/revisions"}],"predecessor-version":[{"id":7699,"href":"https:\/\/stemeric.com\/hu\/wp-json\/wp\/v2\/pages\/509\/revisions\/7699"}],"wp:attachment":[{"href":"https:\/\/stemeric.com\/hu\/wp-json\/wp\/v2\/media?parent=509"}],"curies":[{"name":"wp","href":"https:\/\/api.w.org\/{rel}","templated":true}]}}