{"id":516,"date":"2015-12-15T21:17:40","date_gmt":"2015-12-16T02:17:40","guid":{"rendered":"https:\/\/stemeric.com\/hu\/?page_id=516"},"modified":"2016-01-13T15:45:56","modified_gmt":"2016-01-13T20:45:56","slug":"rozsafuzer","status":"publish","type":"page","link":"https:\/\/stemeric.com\/hu\/rozsafuzer\/","title":{"rendered":"R\u00f3zsaf\u00fcz\u00e9r"},"content":{"rendered":"<div id=\"attachment_574\" style=\"width: 310px\" class=\"wp-caption alignright\"><a href=\"https:\/\/i0.wp.com\/stemeric.com\/wp-content\/uploads\/2015\/12\/Rozsafuzer.jpg?ssl=1\" rel=\"attachment wp-att-574\"><img data-recalc-dims=\"1\" decoding=\"async\" aria-describedby=\"caption-attachment-574\" class=\"wp-image-574 size-medium lazyload\" data-src=\"https:\/\/i0.wp.com\/stemeric.com\/wp-content\/uploads\/2015\/12\/Rozsafuzer.jpg?resize=300%2C200&#038;ssl=1\" alt=\"Rozsafuzer\" width=\"300\" height=\"200\" data-srcset=\"https:\/\/i0.wp.com\/stemeric.com\/wp-content\/uploads\/2015\/12\/Rozsafuzer.jpg?resize=300%2C200&amp;ssl=1 300w, https:\/\/i0.wp.com\/stemeric.com\/wp-content\/uploads\/2015\/12\/Rozsafuzer.jpg?resize=272%2C182&amp;ssl=1 272w, https:\/\/i0.wp.com\/stemeric.com\/wp-content\/uploads\/2015\/12\/Rozsafuzer.jpg?w=600&amp;ssl=1 600w\" data-sizes=\"(max-width: 300px) 100vw, 300px\" src=\"data:image\/svg+xml;base64,PHN2ZyB3aWR0aD0iMSIgaGVpZ2h0PSIxIiB4bWxucz0iaHR0cDovL3d3dy53My5vcmcvMjAwMC9zdmciPjwvc3ZnPg==\" style=\"--smush-placeholder-width: 300px; --smush-placeholder-aspect-ratio: 300\/200;\" \/><\/a><p id=\"caption-attachment-574\" class=\"wp-caption-text\">R\u00f3zsaf\u00fcz\u00e9r<br \/> Kereszt: Apostoli hitvall\u00e1s<br \/> Nagy szemek: Miaty\u00e1nk<br \/> Kis szemek: \u00dcdv\u00f6zl\u00e9gy<br \/> A tizedek v\u00e9g\u00e9n: \u00dcdv\u00f6zl\u00e9gy+Dics\u0151s\u00e9g+Fatimai foh\u00e1sz- \u00d3 J\u00e9zusom<\/p><\/div>\n<h3><span id=\"A_r.C3.B3zsaf.C3.BCz.C3.A9r_titkai\" class=\"mw-headline\">A r\u00f3zsaf\u00fcz\u00e9r titkai<\/span><\/h3>\n<p>A titkok \u00faj, napok szerinti sorrendje a ROSARIUM VIRGINIS MARIAE apostoli lev\u00e9l alapj\u00e1n:<\/p>\n<ol>\n<li>H\u00e9tf\u0151: \u00f6rvendetes titkok<\/li>\n<li>Kedd: f\u00e1jdalmas titkok<\/li>\n<li>Szerda: dics\u0151s\u00e9ges titkok<\/li>\n<li>Cs\u00fct\u00f6rt\u00f6k: vil\u00e1goss\u00e1g titkai<\/li>\n<li>P\u00e9ntek: f\u00e1jdalmas titkok<\/li>\n<li>Szombat: \u00f6rvendetes titkok<\/li>\n<li>Vas\u00e1rnap: dics\u0151s\u00e9ges titkok<\/li>\n<\/ol>\n<p>A r\u00f3zsaf\u00fcz\u00e9r hagyom\u00e1nyosan \u00e9s term\u00e9szetesen ma is im\u00e1dkozhat\u00f3 saj\u00e1t titkokkal is, aszerint, hogy J\u00e9zus melyik tulajdons\u00e1g\u00e1n vagy tett\u00e9n szeretne az imasz\u00f6vegek mond\u00e1sa k\u00f6zben elm\u00e9lkedni az im\u00e1dkoz\u00f3.<\/p>\n<h4><span id=\"Az_.C3.B6rvendetes_titkok\" class=\"mw-headline\">Az \u00f6rvendetes titkok<\/span><\/h4>\n<p>A bevezet\u0151 h\u00e1rom \u00dcdv\u00f6zl\u00e9gyre:<\/p>\n<ol>\n<li>aki hit\u00fcnket n\u00f6velje,<\/li>\n<li>aki rem\u00e9ny\u00fcnket er\u0151s\u00edtse,<\/li>\n<li>aki szeretet\u00fcnket t\u00f6k\u00e9letes\u00edtse.<\/li>\n<\/ol>\n<p>A tizedekre:<\/p>\n<ol>\n<li>\u2026akit te, Szent Sz\u0171z, Szentl\u00e9lekt\u0151l fogant\u00e1l,<\/li>\n<li>\u2026akit te, Szent Sz\u0171z, Erzs\u00e9betet l\u00e1togatv\u00e1n hordozt\u00e1l,<\/li>\n<li>\u2026akit te, Szent Sz\u0171z, a vil\u00e1gra sz\u00fclt\u00e9l,<\/li>\n<li>\u2026akit te, Szent Sz\u0171z, a templomban bemutatt\u00e1l,<\/li>\n<li>\u2026akit te, Szent Sz\u0171z, a templomban megtal\u00e1lt\u00e1l,<\/li>\n<\/ol>\n<h4><span id=\"A_f.C3.A1jdalmas_titkok\" class=\"mw-headline\">A f\u00e1jdalmas titkok<\/span><\/h4>\n<p>A bevezet\u0151 h\u00e1rom \u00dcdv\u00f6zl\u00e9gyre:<\/p>\n<ol>\n<li>aki \u00e9rtelm\u00fcnket megvil\u00e1gos\u00edtsa,<\/li>\n<li>aki eml\u00e9kezet\u00fcnket meger\u0151s\u00edtse,<\/li>\n<li>aki akaratunkat t\u00f6k\u00e9letes\u00edtse.<\/li>\n<\/ol>\n<p>A tizedekre:<\/p>\n<ol>\n<li>\u2026aki \u00e9rett\u00fcnk v\u00e9rrel verejt\u00e9kezett,<\/li>\n<li>\u2026akit \u00e9rett\u00fcnk megostoroztak,<\/li>\n<li>\u2026akit \u00e9rett\u00fcnk t\u00f6vissel koron\u00e1ztak,<\/li>\n<li>\u2026aki \u00e9rett\u00fcnk a neh\u00e9z keresztet hordozta,<\/li>\n<li>\u2026akit \u00e9rett\u00fcnk keresztre fesz\u00edtettek,<\/li>\n<\/ol>\n<h4><span id=\"A_dics.C5.91s.C3.A9ges_titkok\" class=\"mw-headline\">A dics\u0151s\u00e9ges titkok<\/span><\/h4>\n<p>A bevezet\u0151 h\u00e1rom \u00dcdv\u00f6zl\u00e9gyre:<\/p>\n<ol>\n<li>aki gondolatainkat ir\u00e1ny\u00edtsa,<\/li>\n<li>aki szavainkat vez\u00e9relje,<\/li>\n<li>aki cselekedeteinket korm\u00e1nyozza.<\/li>\n<\/ol>\n<p>A tizedekre:<\/p>\n<ol>\n<li>\u2026aki a hal\u00e1lb\u00f3l felt\u00e1madt,<\/li>\n<li>\u2026aki a mennybe felment,<\/li>\n<li>\u2026aki nek\u00fcnk a Szentlelket elk\u00fcldte,<\/li>\n<li>\u2026aki t\u00e9ged, Szent Sz\u0171z, a mennybe f\u00f6lvett,<\/li>\n<li>\u2026aki t\u00e9ged, Szent Sz\u0171z, a mennyben megkoron\u00e1zott,<\/li>\n<\/ol>\n<h4><span id=\"A_vil.C3.A1goss.C3.A1g_titkai\" class=\"mw-headline\">A vil\u00e1goss\u00e1g titkai<\/span><\/h4>\n<p>A bevezet\u0151 h\u00e1rom \u00dcdv\u00f6zl\u00e9gyre:<\/p>\n<ol>\n<li>aki megtiszt\u00edtson minket,<\/li>\n<li>aki lelk\u00fcnk b\u00e9k\u00e9j\u00e9t meg\u0151rizze,<\/li>\n<li>aki a Szents\u00e9gekben meger\u0151s\u00edtsen.<\/li>\n<\/ol>\n<p>A tizedekre:<\/p>\n<ol>\n<li>\u2026aki a Jord\u00e1n viz\u00e9ben megkeresztelkedett,<\/li>\n<li>\u2026aki a k\u00e1nai menyegz\u0151n kinyilv\u00e1n\u00edtotta isteni erej\u00e9t,<\/li>\n<li>\u2026aki meghirdette Isten orsz\u00e1g\u00e1t,<\/li>\n<li>\u2026aki a T\u00e1bor hegy\u00e9n megmutatta isteni dics\u0151s\u00e9g\u00e9t,<\/li>\n<li>\u2026aki az Euchariszti\u00e1ban nek\u00fcnk adta \u00f6nmag\u00e1t,<\/li>\n<\/ol>\n<h4><span id=\"Befejez.C3.A9s\" class=\"mw-headline\">Befejez\u00e9s<\/span><\/h4>\n<p>V\u00e9g\u00fcl az al\u00e1bbi k\u00f6ny\u00f6rg\u00e9st mondhatjuk: Im\u00e1dkozz\u00e1l \u00e9rett\u00fcnk, Istennek szent Anyja! Hogy m\u00e9lt\u00f3k lehess\u00fcnk Krisztus \u00edg\u00e9reteire!<\/p>\n<p>K\u00f6ny\u00f6r\u00f6gj\u00fcnk! \u00daristen, a te egysz\u00fcl\u00f6tt Fiad \u00e9let\u00e9vel, hal\u00e1l\u00e1val \u00e9s felt\u00e1mad\u00e1s\u00e1val megszerezte nek\u00fcnk az \u00f6r\u00f6k \u00e9let jutalm\u00e1t: add meg, k\u00e9r\u00fcnk, hogy e titkokr\u00f3l a Boldogs\u00e1gos Sz\u0171z M\u00e1ria szentolvas\u00f3j\u00e1nak elmond\u00e1s\u00e1val megeml\u00e9kezve, ut\u00e1nozzuk, amit magukban foglalnak, \u00e9s elnyerj\u00fck, amit \u00edg\u00e9rnek. Krisztus, a mi Urunk \u00e1ltal. \u00c1men.<\/p>\n<h3><span id=\"A_r.C3.B3zsaf.C3.BCz.C3.A9r_.C3.A9rtelme\" class=\"mw-headline\">A r\u00f3zsaf\u00fcz\u00e9r \u00e9rtelme<\/span><\/h3>\n<p>A r\u00f3zsaf\u00fcz\u00e9rt sok kritika \u00e9ri nemkatolikus k\u00f6r\u00f6kb\u0151l: imamalomnak cs\u00fafolj\u00e1k, k\u00e1rhoztatj\u00e1k mechanikus volta miatt. Akik gyakorlottak a r\u00f3zsaf\u00fcz\u00e9r im\u00e1dkoz\u00e1s\u00e1ban, azt v\u00e1laszolj\u00e1k erre: val\u00f3j\u00e1ban ez egy<i>meditat\u00edv<\/i> im\u00e1ds\u00e1g, amelyben a l\u00e9nyeg nem a kimondott szavakon van, hanem azokon kereszt\u00fcl a M\u00e1ri\u00e1val egy\u00fctt im\u00e1dkoz\u00f3 h\u00edv\u0151 bekapcsol\u00f3dik J\u00e9zus (\u00e9s \u00edgy a Szenth\u00e1roms\u00e1g) titkainak szeml\u00e9l\u00e9s\u00e9be.<\/p>\n","protected":false},"excerpt":{"rendered":"<p>A r\u00f3zsaf\u00fcz\u00e9r titkai A titkok \u00faj, napok szerinti sorrendje a ROSARIUM VIRGINIS MARIAE apostoli lev\u00e9l alapj\u00e1n: H\u00e9tf\u0151: \u00f6rvendetes titkok Kedd: f\u00e1jdalmas titkok Szerda: dics\u0151s\u00e9ges titkok Cs\u00fct\u00f6rt\u00f6k: vil\u00e1goss\u00e1g titkai P\u00e9ntek: f\u00e1jdalmas titkok Szombat: \u00f6rvendetes titkok Vas\u00e1rnap: dics\u0151s\u00e9ges titkok A r\u00f3zsaf\u00fcz\u00e9r hagyom\u00e1nyosan \u00e9s term\u00e9szetesen ma is im\u00e1dkozhat\u00f3 saj\u00e1t titkokkal is, aszerint, hogy J\u00e9zus melyik tulajdons\u00e1g\u00e1n vagy tett\u00e9n [&hellip;]<\/p>\n","protected":false},"author":2,"featured_media":517,"parent":0,"menu_order":0,"comment_status":"closed","ping_status":"closed","template":"","meta":{"jetpack_post_was_ever_published":false,"footnotes":""},"class_list":["post-516","page","type-page","status-publish","has-post-thumbnail","hentry"],"yoast_head":"<!-- This site is optimized with the Yoast SEO plugin v27.3 - https:\/\/yoast.com\/product\/yoast-seo-wordpress\/ -->\n<title>R\u00f3zsaf\u00fcz\u00e9r - St. Emeric Church<\/title>\n<meta name=\"robots\" content=\"index, follow, max-snippet:-1, max-image-preview:large, max-video-preview:-1\" \/>\n<link rel=\"canonical\" href=\"https:\/\/stemeric.com\/the-rosary\/\" \/>\n<meta property=\"og:locale\" content=\"hu_HU\" \/>\n<meta property=\"og:type\" content=\"article\" \/>\n<meta property=\"og:title\" content=\"R\u00f3zsaf\u00fcz\u00e9r - St. Emeric Church\" \/>\n<meta property=\"og:description\" content=\"A r\u00f3zsaf\u00fcz\u00e9r titkai A titkok \u00faj, napok szerinti sorrendje a ROSARIUM VIRGINIS MARIAE apostoli lev\u00e9l alapj\u00e1n: H\u00e9tf\u0151: \u00f6rvendetes titkok Kedd: f\u00e1jdalmas titkok Szerda: dics\u0151s\u00e9ges titkok Cs\u00fct\u00f6rt\u00f6k: vil\u00e1goss\u00e1g titkai P\u00e9ntek: f\u00e1jdalmas titkok Szombat: \u00f6rvendetes titkok Vas\u00e1rnap: dics\u0151s\u00e9ges titkok A r\u00f3zsaf\u00fcz\u00e9r hagyom\u00e1nyosan \u00e9s term\u00e9szetesen ma is im\u00e1dkozhat\u00f3 saj\u00e1t titkokkal is, aszerint, hogy J\u00e9zus melyik tulajdons\u00e1g\u00e1n vagy tett\u00e9n [&hellip;]\" \/>\n<meta property=\"og:url\" content=\"https:\/\/stemeric.com\/the-rosary\/\" \/>\n<meta property=\"og:site_name\" content=\"St. Emeric Church\" \/>\n<meta property=\"article:publisher\" content=\"https:\/\/www.facebook.com\/saintemeric\" \/>\n<meta property=\"article:modified_time\" content=\"2016-01-13T20:45:56+00:00\" \/>\n<meta property=\"og:image\" content=\"https:\/\/stemeric.com\/wp-content\/uploads\/2016\/01\/Rosary.png\" \/>\n\t<meta property=\"og:image:width\" content=\"566\" \/>\n\t<meta property=\"og:image:height\" content=\"800\" \/>\n\t<meta property=\"og:image:type\" content=\"image\/png\" \/>\n<meta name=\"twitter:card\" content=\"summary_large_image\" \/>\n<meta name=\"twitter:label1\" content=\"Becs\u00fclt olvas\u00e1si id\u0151\" \/>\n\t<meta name=\"twitter:data1\" content=\"3 perc\" \/>\n<script type=\"application\/ld+json\" class=\"yoast-schema-graph\">{\"@context\":\"https:\\\/\\\/schema.org\",\"@graph\":[{\"@type\":\"WebPage\",\"@id\":\"https:\\\/\\\/stemeric.com\\\/the-rosary\\\/\",\"url\":\"https:\\\/\\\/stemeric.com\\\/the-rosary\\\/\",\"name\":\"R\u00f3zsaf\u00fcz\u00e9r - St. Emeric Church\",\"isPartOf\":{\"@id\":\"https:\\\/\\\/stemeric.com\\\/#website\"},\"primaryImageOfPage\":{\"@id\":\"https:\\\/\\\/stemeric.com\\\/the-rosary\\\/#primaryimage\"},\"image\":{\"@id\":\"https:\\\/\\\/stemeric.com\\\/the-rosary\\\/#primaryimage\"},\"thumbnailUrl\":\"https:\\\/\\\/i0.wp.com\\\/stemeric.com\\\/wp-content\\\/uploads\\\/2016\\\/01\\\/Rosary.png?fit=566%2C800&ssl=1\",\"datePublished\":\"2015-12-16T02:17:40+00:00\",\"dateModified\":\"2016-01-13T20:45:56+00:00\",\"breadcrumb\":{\"@id\":\"https:\\\/\\\/stemeric.com\\\/the-rosary\\\/#breadcrumb\"},\"inLanguage\":\"hu\",\"potentialAction\":[{\"@type\":\"ReadAction\",\"target\":[\"https:\\\/\\\/stemeric.com\\\/the-rosary\\\/\"]}]},{\"@type\":\"ImageObject\",\"inLanguage\":\"hu\",\"@id\":\"https:\\\/\\\/stemeric.com\\\/the-rosary\\\/#primaryimage\",\"url\":\"https:\\\/\\\/i0.wp.com\\\/stemeric.com\\\/wp-content\\\/uploads\\\/2016\\\/01\\\/Rosary.png?fit=566%2C800&ssl=1\",\"contentUrl\":\"https:\\\/\\\/i0.wp.com\\\/stemeric.com\\\/wp-content\\\/uploads\\\/2016\\\/01\\\/Rosary.png?fit=566%2C800&ssl=1\",\"width\":566,\"height\":800,\"caption\":\"R\u00f3zsaf\u00fcz\u00e9r Barna kereszt: Apostoli hitvall\u00e1s Piros\\\/bord\u00f3 szemek: Miaty\u00e1nk Vil\u00e1gosk\u00e9k szemek: \u00dcdv\u00f6zl\u00e9gy S\u00f6t\u00e9tk\u00e9k szemek: \u00dcdv\u00f6zl\u00e9gy+Dics\u0151s\u00e9g+Fatimai foh\u00e1sz\"},{\"@type\":\"BreadcrumbList\",\"@id\":\"https:\\\/\\\/stemeric.com\\\/the-rosary\\\/#breadcrumb\",\"itemListElement\":[{\"@type\":\"ListItem\",\"position\":1,\"name\":\"Home\",\"item\":\"https:\\\/\\\/stemeric.com\\\/hu\\\/\"},{\"@type\":\"ListItem\",\"position\":2,\"name\":\"R\u00f3zsaf\u00fcz\u00e9r\"}]},{\"@type\":\"WebSite\",\"@id\":\"https:\\\/\\\/stemeric.com\\\/#website\",\"url\":\"https:\\\/\\\/stemeric.com\\\/\",\"name\":\"St. Emeric Church\",\"description\":\"Szent Imre R\u00f3mai Katolikus Magyar Egyh\u00e1zk\u00f6zs\u00e9g\",\"publisher\":{\"@id\":\"https:\\\/\\\/stemeric.com\\\/#organization\"},\"potentialAction\":[{\"@type\":\"SearchAction\",\"target\":{\"@type\":\"EntryPoint\",\"urlTemplate\":\"https:\\\/\\\/stemeric.com\\\/?s={search_term_string}\"},\"query-input\":{\"@type\":\"PropertyValueSpecification\",\"valueRequired\":true,\"valueName\":\"search_term_string\"}}],\"inLanguage\":\"hu\"},{\"@type\":\"Organization\",\"@id\":\"https:\\\/\\\/stemeric.com\\\/#organization\",\"name\":\"St. Emeric Church\",\"url\":\"https:\\\/\\\/stemeric.com\\\/\",\"logo\":{\"@type\":\"ImageObject\",\"inLanguage\":\"hu\",\"@id\":\"https:\\\/\\\/stemeric.com\\\/#\\\/schema\\\/logo\\\/image\\\/\",\"url\":\"https:\\\/\\\/stemeric.com\\\/wp-content\\\/uploads\\\/2015\\\/11\\\/SzentImre4.png\",\"contentUrl\":\"https:\\\/\\\/stemeric.com\\\/wp-content\\\/uploads\\\/2015\\\/11\\\/SzentImre4.png\",\"width\":800,\"height\":167,\"caption\":\"St. Emeric Church\"},\"image\":{\"@id\":\"https:\\\/\\\/stemeric.com\\\/#\\\/schema\\\/logo\\\/image\\\/\"},\"sameAs\":[\"https:\\\/\\\/www.facebook.com\\\/saintemeric\"]}]}<\/script>\n<!-- \/ Yoast SEO plugin. -->","yoast_head_json":{"title":"R\u00f3zsaf\u00fcz\u00e9r - St. Emeric Church","robots":{"index":"index","follow":"follow","max-snippet":"max-snippet:-1","max-image-preview":"max-image-preview:large","max-video-preview":"max-video-preview:-1"},"canonical":"https:\/\/stemeric.com\/the-rosary\/","og_locale":"hu_HU","og_type":"article","og_title":"R\u00f3zsaf\u00fcz\u00e9r - St. Emeric Church","og_description":"A r\u00f3zsaf\u00fcz\u00e9r titkai A titkok \u00faj, napok szerinti sorrendje a ROSARIUM VIRGINIS MARIAE apostoli lev\u00e9l alapj\u00e1n: H\u00e9tf\u0151: \u00f6rvendetes titkok Kedd: f\u00e1jdalmas titkok Szerda: dics\u0151s\u00e9ges titkok Cs\u00fct\u00f6rt\u00f6k: vil\u00e1goss\u00e1g titkai P\u00e9ntek: f\u00e1jdalmas titkok Szombat: \u00f6rvendetes titkok Vas\u00e1rnap: dics\u0151s\u00e9ges titkok A r\u00f3zsaf\u00fcz\u00e9r hagyom\u00e1nyosan \u00e9s term\u00e9szetesen ma is im\u00e1dkozhat\u00f3 saj\u00e1t titkokkal is, aszerint, hogy J\u00e9zus melyik tulajdons\u00e1g\u00e1n vagy tett\u00e9n [&hellip;]","og_url":"https:\/\/stemeric.com\/the-rosary\/","og_site_name":"St. Emeric Church","article_publisher":"https:\/\/www.facebook.com\/saintemeric","article_modified_time":"2016-01-13T20:45:56+00:00","og_image":[{"width":566,"height":800,"url":"https:\/\/stemeric.com\/wp-content\/uploads\/2016\/01\/Rosary.png","type":"image\/png"}],"twitter_card":"summary_large_image","twitter_misc":{"Becs\u00fclt olvas\u00e1si id\u0151":"3 perc"},"schema":{"@context":"https:\/\/schema.org","@graph":[{"@type":"WebPage","@id":"https:\/\/stemeric.com\/the-rosary\/","url":"https:\/\/stemeric.com\/the-rosary\/","name":"R\u00f3zsaf\u00fcz\u00e9r - St. Emeric Church","isPartOf":{"@id":"https:\/\/stemeric.com\/#website"},"primaryImageOfPage":{"@id":"https:\/\/stemeric.com\/the-rosary\/#primaryimage"},"image":{"@id":"https:\/\/stemeric.com\/the-rosary\/#primaryimage"},"thumbnailUrl":"https:\/\/i0.wp.com\/stemeric.com\/wp-content\/uploads\/2016\/01\/Rosary.png?fit=566%2C800&ssl=1","datePublished":"2015-12-16T02:17:40+00:00","dateModified":"2016-01-13T20:45:56+00:00","breadcrumb":{"@id":"https:\/\/stemeric.com\/the-rosary\/#breadcrumb"},"inLanguage":"hu","potentialAction":[{"@type":"ReadAction","target":["https:\/\/stemeric.com\/the-rosary\/"]}]},{"@type":"ImageObject","inLanguage":"hu","@id":"https:\/\/stemeric.com\/the-rosary\/#primaryimage","url":"https:\/\/i0.wp.com\/stemeric.com\/wp-content\/uploads\/2016\/01\/Rosary.png?fit=566%2C800&ssl=1","contentUrl":"https:\/\/i0.wp.com\/stemeric.com\/wp-content\/uploads\/2016\/01\/Rosary.png?fit=566%2C800&ssl=1","width":566,"height":800,"caption":"R\u00f3zsaf\u00fcz\u00e9r Barna kereszt: Apostoli hitvall\u00e1s Piros\/bord\u00f3 szemek: Miaty\u00e1nk Vil\u00e1gosk\u00e9k szemek: \u00dcdv\u00f6zl\u00e9gy S\u00f6t\u00e9tk\u00e9k szemek: \u00dcdv\u00f6zl\u00e9gy+Dics\u0151s\u00e9g+Fatimai foh\u00e1sz"},{"@type":"BreadcrumbList","@id":"https:\/\/stemeric.com\/the-rosary\/#breadcrumb","itemListElement":[{"@type":"ListItem","position":1,"name":"Home","item":"https:\/\/stemeric.com\/hu\/"},{"@type":"ListItem","position":2,"name":"R\u00f3zsaf\u00fcz\u00e9r"}]},{"@type":"WebSite","@id":"https:\/\/stemeric.com\/#website","url":"https:\/\/stemeric.com\/","name":"St. Emeric Church","description":"Szent Imre R\u00f3mai Katolikus Magyar Egyh\u00e1zk\u00f6zs\u00e9g","publisher":{"@id":"https:\/\/stemeric.com\/#organization"},"potentialAction":[{"@type":"SearchAction","target":{"@type":"EntryPoint","urlTemplate":"https:\/\/stemeric.com\/?s={search_term_string}"},"query-input":{"@type":"PropertyValueSpecification","valueRequired":true,"valueName":"search_term_string"}}],"inLanguage":"hu"},{"@type":"Organization","@id":"https:\/\/stemeric.com\/#organization","name":"St. Emeric Church","url":"https:\/\/stemeric.com\/","logo":{"@type":"ImageObject","inLanguage":"hu","@id":"https:\/\/stemeric.com\/#\/schema\/logo\/image\/","url":"https:\/\/stemeric.com\/wp-content\/uploads\/2015\/11\/SzentImre4.png","contentUrl":"https:\/\/stemeric.com\/wp-content\/uploads\/2015\/11\/SzentImre4.png","width":800,"height":167,"caption":"St. Emeric Church"},"image":{"@id":"https:\/\/stemeric.com\/#\/schema\/logo\/image\/"},"sameAs":["https:\/\/www.facebook.com\/saintemeric"]}]}},"jetpack_sharing_enabled":true,"jetpack_shortlink":"https:\/\/wp.me\/PffxLh-8k","_links":{"self":[{"href":"https:\/\/stemeric.com\/hu\/wp-json\/wp\/v2\/pages\/516","targetHints":{"allow":["GET"]}}],"collection":[{"href":"https:\/\/stemeric.com\/hu\/wp-json\/wp\/v2\/pages"}],"about":[{"href":"https:\/\/stemeric.com\/hu\/wp-json\/wp\/v2\/types\/page"}],"author":[{"embeddable":true,"href":"https:\/\/stemeric.com\/hu\/wp-json\/wp\/v2\/users\/2"}],"replies":[{"embeddable":true,"href":"https:\/\/stemeric.com\/hu\/wp-json\/wp\/v2\/comments?post=516"}],"version-history":[{"count":0,"href":"https:\/\/stemeric.com\/hu\/wp-json\/wp\/v2\/pages\/516\/revisions"}],"wp:featuredmedia":[{"embeddable":true,"href":"https:\/\/stemeric.com\/hu\/wp-json\/wp\/v2\/media\/517"}],"wp:attachment":[{"href":"https:\/\/stemeric.com\/hu\/wp-json\/wp\/v2\/media?parent=516"}],"curies":[{"name":"wp","href":"https:\/\/api.w.org\/{rel}","templated":true}]}}