{"id":525,"date":"2015-12-11T20:00:59","date_gmt":"2015-12-12T01:00:59","guid":{"rendered":"https:\/\/stemeric.com\/hu\/?page_id=525"},"modified":"2016-01-13T17:32:21","modified_gmt":"2016-01-13T22:32:21","slug":"az-egyhazkozseg-szolgalati-csoportjai","status":"publish","type":"page","link":"https:\/\/stemeric.com\/hu\/az-egyhazkozseg-szolgalati-csoportjai\/","title":{"rendered":"Az egyh\u00e1zk\u00f6zs\u00e9g szolg\u00e1lati csoportjai"},"content":{"rendered":"<p><strong>Egyh\u00e1zk\u00f6zs\u00e9gi \u00a0K\u00e9pvisel\u0151 Test\u00fclet\u00a0<\/strong><\/p>\n<p><strong>P\u00e9nz\u00fcgyi Bizotts\u00e1g\u00a0\u00a0<\/strong><\/p>\n<p><strong>Olt\u00e1regylet \u00a0<\/strong><\/p>\n<p><strong>R\u00f3zsaf\u00fcz\u00e9r T\u00e1rsulat<\/strong><\/p>\n<p><strong>Liturgikus Bizotts\u00e1g\u00a0<\/strong><strong>\u00a0<\/strong><\/p>\n<p><strong>Lektorok<\/strong><\/p>\n<p><strong> Akolitusok<\/strong><\/p>\n<p><strong>Ministr\u00e1nsok\u00a0<\/strong><\/p>\n<p><strong>K\u00f3rus<\/strong><\/p>\n<p><strong>Ifj\u00fas\u00e1gi zenekar \u00e9s k\u00f3rus\u00a0<\/strong><\/p>\n<p>&nbsp;<\/p>\n<p>&nbsp;<\/p>\n","protected":false},"excerpt":{"rendered":"<p>Egyh\u00e1zk\u00f6zs\u00e9gi \u00a0K\u00e9pvisel\u0151 Test\u00fclet\u00a0 P\u00e9nz\u00fcgyi Bizotts\u00e1g\u00a0\u00a0 Olt\u00e1regylet \u00a0 R\u00f3zsaf\u00fcz\u00e9r T\u00e1rsulat Liturgikus Bizotts\u00e1g\u00a0\u00a0 Lektorok Akolitusok Ministr\u00e1nsok\u00a0 K\u00f3rus Ifj\u00fas\u00e1gi zenekar \u00e9s k\u00f3rus\u00a0 &nbsp; &nbsp;<\/p>\n","protected":false},"author":2,"featured_media":449,"parent":0,"menu_order":0,"comment_status":"closed","ping_status":"closed","template":"","meta":{"jetpack_post_was_ever_published":false,"footnotes":""},"class_list":["post-525","page","type-page","status-publish","has-post-thumbnail","hentry"],"yoast_head":"<!-- This site is optimized with the Yoast SEO plugin v27.3 - https:\/\/yoast.com\/product\/yoast-seo-wordpress\/ -->\n<title>Az egyh\u00e1zk\u00f6zs\u00e9g szolg\u00e1lati csoportjai - St. Emeric Church<\/title>\n<meta name=\"robots\" content=\"index, follow, max-snippet:-1, max-image-preview:large, max-video-preview:-1\" \/>\n<link rel=\"canonical\" href=\"https:\/\/stemeric.com\/parish-organizations\/\" \/>\n<meta property=\"og:locale\" content=\"hu_HU\" \/>\n<meta property=\"og:type\" content=\"article\" \/>\n<meta property=\"og:title\" content=\"Az egyh\u00e1zk\u00f6zs\u00e9g szolg\u00e1lati csoportjai - St. Emeric Church\" \/>\n<meta property=\"og:description\" content=\"Egyh\u00e1zk\u00f6zs\u00e9gi \u00a0K\u00e9pvisel\u0151 Test\u00fclet\u00a0 P\u00e9nz\u00fcgyi Bizotts\u00e1g\u00a0\u00a0 Olt\u00e1regylet \u00a0 R\u00f3zsaf\u00fcz\u00e9r T\u00e1rsulat Liturgikus Bizotts\u00e1g\u00a0\u00a0 Lektorok Akolitusok Ministr\u00e1nsok\u00a0 K\u00f3rus Ifj\u00fas\u00e1gi zenekar \u00e9s k\u00f3rus\u00a0 &nbsp; &nbsp;\" \/>\n<meta property=\"og:url\" content=\"https:\/\/stemeric.com\/parish-organizations\/\" \/>\n<meta property=\"og:site_name\" content=\"St. Emeric Church\" \/>\n<meta property=\"article:publisher\" content=\"https:\/\/www.facebook.com\/saintemeric\" \/>\n<meta property=\"article:modified_time\" content=\"2016-01-13T22:32:21+00:00\" \/>\n<meta property=\"og:image\" content=\"https:\/\/stemeric.com\/wp-content\/uploads\/2015\/12\/DSC_0944.jpg\" \/>\n\t<meta property=\"og:image:width\" content=\"800\" \/>\n\t<meta property=\"og:image:height\" content=\"533\" \/>\n\t<meta property=\"og:image:type\" content=\"image\/jpeg\" \/>\n<meta name=\"twitter:card\" content=\"summary_large_image\" \/>\n<script type=\"application\/ld+json\" class=\"yoast-schema-graph\">{\"@context\":\"https:\\\/\\\/schema.org\",\"@graph\":[{\"@type\":\"WebPage\",\"@id\":\"https:\\\/\\\/stemeric.com\\\/parish-organizations\\\/\",\"url\":\"https:\\\/\\\/stemeric.com\\\/parish-organizations\\\/\",\"name\":\"Az egyh\u00e1zk\u00f6zs\u00e9g szolg\u00e1lati csoportjai - St. Emeric Church\",\"isPartOf\":{\"@id\":\"https:\\\/\\\/stemeric.com\\\/#website\"},\"primaryImageOfPage\":{\"@id\":\"https:\\\/\\\/stemeric.com\\\/parish-organizations\\\/#primaryimage\"},\"image\":{\"@id\":\"https:\\\/\\\/stemeric.com\\\/parish-organizations\\\/#primaryimage\"},\"thumbnailUrl\":\"https:\\\/\\\/i0.wp.com\\\/stemeric.com\\\/wp-content\\\/uploads\\\/2015\\\/12\\\/DSC_0944.jpg?fit=800%2C533&ssl=1\",\"datePublished\":\"2015-12-12T01:00:59+00:00\",\"dateModified\":\"2016-01-13T22:32:21+00:00\",\"breadcrumb\":{\"@id\":\"https:\\\/\\\/stemeric.com\\\/parish-organizations\\\/#breadcrumb\"},\"inLanguage\":\"hu\",\"potentialAction\":[{\"@type\":\"ReadAction\",\"target\":[\"https:\\\/\\\/stemeric.com\\\/parish-organizations\\\/\"]}]},{\"@type\":\"ImageObject\",\"inLanguage\":\"hu\",\"@id\":\"https:\\\/\\\/stemeric.com\\\/parish-organizations\\\/#primaryimage\",\"url\":\"https:\\\/\\\/i0.wp.com\\\/stemeric.com\\\/wp-content\\\/uploads\\\/2015\\\/12\\\/DSC_0944.jpg?fit=800%2C533&ssl=1\",\"contentUrl\":\"https:\\\/\\\/i0.wp.com\\\/stemeric.com\\\/wp-content\\\/uploads\\\/2015\\\/12\\\/DSC_0944.jpg?fit=800%2C533&ssl=1\",\"width\":800,\"height\":533},{\"@type\":\"BreadcrumbList\",\"@id\":\"https:\\\/\\\/stemeric.com\\\/parish-organizations\\\/#breadcrumb\",\"itemListElement\":[{\"@type\":\"ListItem\",\"position\":1,\"name\":\"Home\",\"item\":\"https:\\\/\\\/stemeric.com\\\/hu\\\/\"},{\"@type\":\"ListItem\",\"position\":2,\"name\":\"Az egyh\u00e1zk\u00f6zs\u00e9g szolg\u00e1lati csoportjai\"}]},{\"@type\":\"WebSite\",\"@id\":\"https:\\\/\\\/stemeric.com\\\/#website\",\"url\":\"https:\\\/\\\/stemeric.com\\\/\",\"name\":\"St. Emeric Church\",\"description\":\"Szent Imre R\u00f3mai Katolikus Magyar Egyh\u00e1zk\u00f6zs\u00e9g\",\"publisher\":{\"@id\":\"https:\\\/\\\/stemeric.com\\\/#organization\"},\"potentialAction\":[{\"@type\":\"SearchAction\",\"target\":{\"@type\":\"EntryPoint\",\"urlTemplate\":\"https:\\\/\\\/stemeric.com\\\/?s={search_term_string}\"},\"query-input\":{\"@type\":\"PropertyValueSpecification\",\"valueRequired\":true,\"valueName\":\"search_term_string\"}}],\"inLanguage\":\"hu\"},{\"@type\":\"Organization\",\"@id\":\"https:\\\/\\\/stemeric.com\\\/#organization\",\"name\":\"St. Emeric Church\",\"url\":\"https:\\\/\\\/stemeric.com\\\/\",\"logo\":{\"@type\":\"ImageObject\",\"inLanguage\":\"hu\",\"@id\":\"https:\\\/\\\/stemeric.com\\\/#\\\/schema\\\/logo\\\/image\\\/\",\"url\":\"https:\\\/\\\/stemeric.com\\\/wp-content\\\/uploads\\\/2015\\\/11\\\/SzentImre4.png\",\"contentUrl\":\"https:\\\/\\\/stemeric.com\\\/wp-content\\\/uploads\\\/2015\\\/11\\\/SzentImre4.png\",\"width\":800,\"height\":167,\"caption\":\"St. Emeric Church\"},\"image\":{\"@id\":\"https:\\\/\\\/stemeric.com\\\/#\\\/schema\\\/logo\\\/image\\\/\"},\"sameAs\":[\"https:\\\/\\\/www.facebook.com\\\/saintemeric\"]}]}<\/script>\n<!-- \/ Yoast SEO plugin. -->","yoast_head_json":{"title":"Az egyh\u00e1zk\u00f6zs\u00e9g szolg\u00e1lati csoportjai - St. Emeric Church","robots":{"index":"index","follow":"follow","max-snippet":"max-snippet:-1","max-image-preview":"max-image-preview:large","max-video-preview":"max-video-preview:-1"},"canonical":"https:\/\/stemeric.com\/parish-organizations\/","og_locale":"hu_HU","og_type":"article","og_title":"Az egyh\u00e1zk\u00f6zs\u00e9g szolg\u00e1lati csoportjai - St. Emeric Church","og_description":"Egyh\u00e1zk\u00f6zs\u00e9gi \u00a0K\u00e9pvisel\u0151 Test\u00fclet\u00a0 P\u00e9nz\u00fcgyi Bizotts\u00e1g\u00a0\u00a0 Olt\u00e1regylet \u00a0 R\u00f3zsaf\u00fcz\u00e9r T\u00e1rsulat Liturgikus Bizotts\u00e1g\u00a0\u00a0 Lektorok Akolitusok Ministr\u00e1nsok\u00a0 K\u00f3rus Ifj\u00fas\u00e1gi zenekar \u00e9s k\u00f3rus\u00a0 &nbsp; &nbsp;","og_url":"https:\/\/stemeric.com\/parish-organizations\/","og_site_name":"St. Emeric Church","article_publisher":"https:\/\/www.facebook.com\/saintemeric","article_modified_time":"2016-01-13T22:32:21+00:00","og_image":[{"width":800,"height":533,"url":"https:\/\/stemeric.com\/wp-content\/uploads\/2015\/12\/DSC_0944.jpg","type":"image\/jpeg"}],"twitter_card":"summary_large_image","schema":{"@context":"https:\/\/schema.org","@graph":[{"@type":"WebPage","@id":"https:\/\/stemeric.com\/parish-organizations\/","url":"https:\/\/stemeric.com\/parish-organizations\/","name":"Az egyh\u00e1zk\u00f6zs\u00e9g szolg\u00e1lati csoportjai - St. Emeric Church","isPartOf":{"@id":"https:\/\/stemeric.com\/#website"},"primaryImageOfPage":{"@id":"https:\/\/stemeric.com\/parish-organizations\/#primaryimage"},"image":{"@id":"https:\/\/stemeric.com\/parish-organizations\/#primaryimage"},"thumbnailUrl":"https:\/\/i0.wp.com\/stemeric.com\/wp-content\/uploads\/2015\/12\/DSC_0944.jpg?fit=800%2C533&ssl=1","datePublished":"2015-12-12T01:00:59+00:00","dateModified":"2016-01-13T22:32:21+00:00","breadcrumb":{"@id":"https:\/\/stemeric.com\/parish-organizations\/#breadcrumb"},"inLanguage":"hu","potentialAction":[{"@type":"ReadAction","target":["https:\/\/stemeric.com\/parish-organizations\/"]}]},{"@type":"ImageObject","inLanguage":"hu","@id":"https:\/\/stemeric.com\/parish-organizations\/#primaryimage","url":"https:\/\/i0.wp.com\/stemeric.com\/wp-content\/uploads\/2015\/12\/DSC_0944.jpg?fit=800%2C533&ssl=1","contentUrl":"https:\/\/i0.wp.com\/stemeric.com\/wp-content\/uploads\/2015\/12\/DSC_0944.jpg?fit=800%2C533&ssl=1","width":800,"height":533},{"@type":"BreadcrumbList","@id":"https:\/\/stemeric.com\/parish-organizations\/#breadcrumb","itemListElement":[{"@type":"ListItem","position":1,"name":"Home","item":"https:\/\/stemeric.com\/hu\/"},{"@type":"ListItem","position":2,"name":"Az egyh\u00e1zk\u00f6zs\u00e9g szolg\u00e1lati csoportjai"}]},{"@type":"WebSite","@id":"https:\/\/stemeric.com\/#website","url":"https:\/\/stemeric.com\/","name":"St. Emeric Church","description":"Szent Imre R\u00f3mai Katolikus Magyar Egyh\u00e1zk\u00f6zs\u00e9g","publisher":{"@id":"https:\/\/stemeric.com\/#organization"},"potentialAction":[{"@type":"SearchAction","target":{"@type":"EntryPoint","urlTemplate":"https:\/\/stemeric.com\/?s={search_term_string}"},"query-input":{"@type":"PropertyValueSpecification","valueRequired":true,"valueName":"search_term_string"}}],"inLanguage":"hu"},{"@type":"Organization","@id":"https:\/\/stemeric.com\/#organization","name":"St. Emeric Church","url":"https:\/\/stemeric.com\/","logo":{"@type":"ImageObject","inLanguage":"hu","@id":"https:\/\/stemeric.com\/#\/schema\/logo\/image\/","url":"https:\/\/stemeric.com\/wp-content\/uploads\/2015\/11\/SzentImre4.png","contentUrl":"https:\/\/stemeric.com\/wp-content\/uploads\/2015\/11\/SzentImre4.png","width":800,"height":167,"caption":"St. Emeric Church"},"image":{"@id":"https:\/\/stemeric.com\/#\/schema\/logo\/image\/"},"sameAs":["https:\/\/www.facebook.com\/saintemeric"]}]}},"jetpack_sharing_enabled":true,"jetpack_shortlink":"https:\/\/wp.me\/PffxLh-8t","_links":{"self":[{"href":"https:\/\/stemeric.com\/hu\/wp-json\/wp\/v2\/pages\/525","targetHints":{"allow":["GET"]}}],"collection":[{"href":"https:\/\/stemeric.com\/hu\/wp-json\/wp\/v2\/pages"}],"about":[{"href":"https:\/\/stemeric.com\/hu\/wp-json\/wp\/v2\/types\/page"}],"author":[{"embeddable":true,"href":"https:\/\/stemeric.com\/hu\/wp-json\/wp\/v2\/users\/2"}],"replies":[{"embeddable":true,"href":"https:\/\/stemeric.com\/hu\/wp-json\/wp\/v2\/comments?post=525"}],"version-history":[{"count":0,"href":"https:\/\/stemeric.com\/hu\/wp-json\/wp\/v2\/pages\/525\/revisions"}],"wp:featuredmedia":[{"embeddable":true,"href":"https:\/\/stemeric.com\/hu\/wp-json\/wp\/v2\/media\/449"}],"wp:attachment":[{"href":"https:\/\/stemeric.com\/hu\/wp-json\/wp\/v2\/media?parent=525"}],"curies":[{"name":"wp","href":"https:\/\/api.w.org\/{rel}","templated":true}]}}