{"id":690,"date":"2016-01-28T21:27:25","date_gmt":"2016-01-29T02:27:25","guid":{"rendered":"https:\/\/stemeric.com\/hu\/?page_id=690"},"modified":"2016-01-28T21:35:28","modified_gmt":"2016-01-29T02:35:28","slug":"690-2","status":"publish","type":"page","link":"https:\/\/stemeric.com\/hu\/690-2\/","title":{"rendered":"H\u00e1zszentel\u00e9sek &#8211; 2016."},"content":{"rendered":"<p style=\"text-align: justify;\"><a href=\"https:\/\/i0.wp.com\/stemeric.com\/wp-content\/uploads\/2016\/01\/DSCN8073.jpg?ssl=1\" rel=\"attachment wp-att-687\"><img data-recalc-dims=\"1\" decoding=\"async\" class=\"alignnone size-large wp-image-687 lazyload\" data-src=\"https:\/\/i0.wp.com\/stemeric.com\/wp-content\/uploads\/2016\/01\/DSCN8073.jpg?resize=800%2C600&#038;ssl=1\" alt=\"DSCN8073\" width=\"800\" height=\"600\" data-srcset=\"https:\/\/i0.wp.com\/stemeric.com\/wp-content\/uploads\/2016\/01\/DSCN8073.jpg?w=800&amp;ssl=1 800w, https:\/\/i0.wp.com\/stemeric.com\/wp-content\/uploads\/2016\/01\/DSCN8073.jpg?resize=300%2C225&amp;ssl=1 300w, https:\/\/i0.wp.com\/stemeric.com\/wp-content\/uploads\/2016\/01\/DSCN8073.jpg?resize=768%2C576&amp;ssl=1 768w\" data-sizes=\"(max-width: 800px) 100vw, 800px\" src=\"data:image\/svg+xml;base64,PHN2ZyB3aWR0aD0iMSIgaGVpZ2h0PSIxIiB4bWxucz0iaHR0cDovL3d3dy53My5vcmcvMjAwMC9zdmciPjwvc3ZnPg==\" style=\"--smush-placeholder-width: 800px; --smush-placeholder-aspect-ratio: 800\/600;\" \/><\/a><\/p>\n<p style=\"text-align: justify;\">V\u00edzkeresztkor az Egyh\u00e1z vizet szentel. A v\u00edz szentel\u00e9se a szentelm\u00e9nyek k\u00f6z\u00fcl a \u201eszentel\u0151 vagy konszekr\u00e1l\u00f3 \u00e1ld\u00e1sok\u201d k\u00f6z\u00e9 tartozik. Ezzel a szenteltv\u00edzzel V\u00edzkeresztet k\u00f6vet\u0151en szok\u00e1s \u2013 t\u00f6bbek k\u00f6z\u00f6tt \u2013 a lak\u00e1sok szentel\u00e9se, ami r\u00e9gi \u00e9s sz\u00e9p szok\u00e1s. A h\u00e1z- vagy lak\u00e1sszentel\u00e9s a szentelm\u00e9nyek k\u00f6z\u00fcl a \u201ek\u00f6ny\u00f6rg\u0151 \u00e1ld\u00e1sok\u201d egyike. A k\u00f6ny\u00f6rg\u0151 \u00e9s szentel\u0151 \u00e1ld\u00e1sok sor\u00e1n az isteni j\u00f3s\u00e1g magasztal\u00e1sa mellett kegyelmi seg\u00edts\u00e9get k\u00e9r\u00fcnk k\u00f6ny\u00f6rg\u00e9s \u00e9s egy jel (pl. szenteltv\u00edzzel val\u00f3 meghint\u00e9s) \u00e1ltal.<\/p>\n<p style=\"text-align: justify;\">A h\u00e1z\/lak\u00e1sszentel\u00e9sn\u00e9l a pap a megfelel\u0151 im\u00e1ds\u00e1gok k\u00eds\u00e9ret\u00e9ben szenteltv\u00edzzel hinti meg lak\u00e1sunkat, \u00e9s k\u00e9ri az \u00dar oltalm\u00e1t a lak\u00e1sra illetve az abban lak\u00f3kra. A lak\u00e1sszentel\u00e9skor a pap az ajt\u00f3f\u00e9lf\u00e1ra szokta \u00edrni az \u00e9vsz\u00e1mot \u00e9s h\u00e1rom bet\u0171t, mely most, 2016-ban az al\u00e1bbi m\u00f3don n\u00e9z ki:<\/p>\n<p style=\"text-align: justify;\">20\u2020C\u2020M\u2020B\u202016<\/p>\n<p style=\"text-align: justify;\">A h\u00e1rom bet\u0171 jelent\u00e9se: Christus Mensionem Benedicat, azaz Krisztus \u00e1ldja meg e hajl\u00e9kot. (Amennyiben a CMB helyett GMB-t \u00edrunk az ajt\u00f3f\u00e9lf\u00e1ra, akkor azzal azt k\u00e9rj\u00fck, hogy a h\u00e1rom Szent Kir\u00e1ly: G\u00e1sp\u00e1r, Menyh\u00e9rt \u00e9s Boldizs\u00e1r k\u00f6zbenj\u00e1r\u00e1s\u00e1ra \u00e1ldja meg Krisztus az adott hajl\u00e9kot.) A h\u00e1zszentel\u00e9st norm\u00e1l k\u00f6r\u00fclm\u00e9nyek k\u00f6z\u00f6tt pap vagy diak\u00f3nus v\u00e9gzi, aki a felszentelts\u00e9ge r\u00e9v\u00e9n a k\u00f6ny\u00f6rg\u0151 \u00e1ld\u00e1st hat\u00e9konyabban k\u00f6zvet\u00edti.\u00a0 Minden h\u00e1zat (lak\u00e1st, munkahelyet, rendszeres emberi tart\u00f3zkod\u00e1sra sz\u00e1nt helyet) c\u00e9lszer\u0171 \u00e9s \u00e9sszer\u0171 \u00e9vente \u00fajra szentelni (\u00e1ltal\u00e1ban V\u00edzkereszt \u00fcnnep\u00e9hez k\u00f6tve, mivel ekkor a liturgia r\u00e9sze a v\u00edzszentel\u00e9s, mely szentelt vizet erre a c\u00e9lra is c\u00e9lszer\u0171 felhaszn\u00e1lni). Ett\u0151l f\u00fcggetlen\u00fcl sz\u00e9p szok\u00e1s, hogy id\u0151nk\u00e9nt, jelent\u0151sebb alkalmakkor, h\u00e9tv\u00e9geken vagy ha valami s\u00e1t\u00e1ni t\u00e1mad\u00e1st \u00e9rz\u00fcnk, csal\u00e1di k\u00f6rben elv\u00e9gezz\u00fck, vagy meg\u00faj\u00edtjuk a lak\u00e1s felszentel\u00e9s\u00e9t. Term\u00e9szetesen mag\u00e1nyosan \u00e9l\u0151 ember is meg\u00e1ldhatja a hajl\u00e9k\u00e1t.<\/p>\n","protected":false},"excerpt":{"rendered":"<p>V\u00edzkeresztkor az Egyh\u00e1z vizet szentel. A v\u00edz szentel\u00e9se a szentelm\u00e9nyek k\u00f6z\u00fcl a \u201eszentel\u0151 vagy konszekr\u00e1l\u00f3 \u00e1ld\u00e1sok\u201d k\u00f6z\u00e9 tartozik. Ezzel a szenteltv\u00edzzel V\u00edzkeresztet k\u00f6vet\u0151en szok\u00e1s \u2013 t\u00f6bbek k\u00f6z\u00f6tt \u2013 a lak\u00e1sok szentel\u00e9se, ami r\u00e9gi \u00e9s sz\u00e9p szok\u00e1s. A h\u00e1z- vagy lak\u00e1sszentel\u00e9s a szentelm\u00e9nyek k\u00f6z\u00fcl a \u201ek\u00f6ny\u00f6rg\u0151 \u00e1ld\u00e1sok\u201d egyike. A k\u00f6ny\u00f6rg\u0151 \u00e9s szentel\u0151 \u00e1ld\u00e1sok sor\u00e1n az isteni [&hellip;]<\/p>\n","protected":false},"author":3,"featured_media":0,"parent":0,"menu_order":0,"comment_status":"closed","ping_status":"closed","template":"","meta":{"jetpack_post_was_ever_published":false,"footnotes":""},"class_list":["post-690","page","type-page","status-publish","hentry"],"yoast_head":"<!-- This site is optimized with the Yoast SEO plugin v27.4 - https:\/\/yoast.com\/product\/yoast-seo-wordpress\/ -->\n<title>H\u00e1zszentel\u00e9sek - 2016. - St. Emeric Church<\/title>\n<meta name=\"robots\" content=\"index, follow, max-snippet:-1, max-image-preview:large, max-video-preview:-1\" \/>\n<link rel=\"canonical\" href=\"https:\/\/stemeric.com\/hu\/690-2\/\" \/>\n<meta property=\"og:locale\" content=\"hu_HU\" \/>\n<meta property=\"og:type\" content=\"article\" \/>\n<meta property=\"og:title\" content=\"H\u00e1zszentel\u00e9sek - 2016. - St. Emeric Church\" \/>\n<meta property=\"og:description\" content=\"V\u00edzkeresztkor az Egyh\u00e1z vizet szentel. A v\u00edz szentel\u00e9se a szentelm\u00e9nyek k\u00f6z\u00fcl a \u201eszentel\u0151 vagy konszekr\u00e1l\u00f3 \u00e1ld\u00e1sok\u201d k\u00f6z\u00e9 tartozik. Ezzel a szenteltv\u00edzzel V\u00edzkeresztet k\u00f6vet\u0151en szok\u00e1s \u2013 t\u00f6bbek k\u00f6z\u00f6tt \u2013 a lak\u00e1sok szentel\u00e9se, ami r\u00e9gi \u00e9s sz\u00e9p szok\u00e1s. A h\u00e1z- vagy lak\u00e1sszentel\u00e9s a szentelm\u00e9nyek k\u00f6z\u00fcl a \u201ek\u00f6ny\u00f6rg\u0151 \u00e1ld\u00e1sok\u201d egyike. A k\u00f6ny\u00f6rg\u0151 \u00e9s szentel\u0151 \u00e1ld\u00e1sok sor\u00e1n az isteni [&hellip;]\" \/>\n<meta property=\"og:url\" content=\"https:\/\/stemeric.com\/hu\/690-2\/\" \/>\n<meta property=\"og:site_name\" content=\"St. Emeric Church\" \/>\n<meta property=\"article:publisher\" content=\"https:\/\/www.facebook.com\/saintemeric\" \/>\n<meta property=\"article:modified_time\" content=\"2016-01-29T02:35:28+00:00\" \/>\n<meta property=\"og:image\" content=\"https:\/\/stemeric.com\/wp-content\/uploads\/2016\/01\/DSCN8073-800x600.jpg\" \/>\n<meta name=\"twitter:card\" content=\"summary_large_image\" \/>\n<meta name=\"twitter:label1\" content=\"Becs\u00fclt olvas\u00e1si id\u0151\" \/>\n\t<meta name=\"twitter:data1\" content=\"2 perc\" \/>\n<script type=\"application\/ld+json\" class=\"yoast-schema-graph\">{\"@context\":\"https:\\\/\\\/schema.org\",\"@graph\":[{\"@type\":\"WebPage\",\"@id\":\"https:\\\/\\\/stemeric.com\\\/hu\\\/690-2\\\/\",\"url\":\"https:\\\/\\\/stemeric.com\\\/hu\\\/690-2\\\/\",\"name\":\"H\u00e1zszentel\u00e9sek - 2016. - St. Emeric Church\",\"isPartOf\":{\"@id\":\"https:\\\/\\\/stemeric.com\\\/#website\"},\"primaryImageOfPage\":{\"@id\":\"https:\\\/\\\/stemeric.com\\\/hu\\\/690-2\\\/#primaryimage\"},\"image\":{\"@id\":\"https:\\\/\\\/stemeric.com\\\/hu\\\/690-2\\\/#primaryimage\"},\"thumbnailUrl\":\"https:\\\/\\\/stemeric.com\\\/wp-content\\\/uploads\\\/2016\\\/01\\\/DSCN8073-800x600.jpg\",\"datePublished\":\"2016-01-29T02:27:25+00:00\",\"dateModified\":\"2016-01-29T02:35:28+00:00\",\"breadcrumb\":{\"@id\":\"https:\\\/\\\/stemeric.com\\\/hu\\\/690-2\\\/#breadcrumb\"},\"inLanguage\":\"hu\",\"potentialAction\":[{\"@type\":\"ReadAction\",\"target\":[\"https:\\\/\\\/stemeric.com\\\/hu\\\/690-2\\\/\"]}]},{\"@type\":\"ImageObject\",\"inLanguage\":\"hu\",\"@id\":\"https:\\\/\\\/stemeric.com\\\/hu\\\/690-2\\\/#primaryimage\",\"url\":\"https:\\\/\\\/stemeric.com\\\/wp-content\\\/uploads\\\/2016\\\/01\\\/DSCN8073-800x600.jpg\",\"contentUrl\":\"https:\\\/\\\/stemeric.com\\\/wp-content\\\/uploads\\\/2016\\\/01\\\/DSCN8073-800x600.jpg\"},{\"@type\":\"BreadcrumbList\",\"@id\":\"https:\\\/\\\/stemeric.com\\\/hu\\\/690-2\\\/#breadcrumb\",\"itemListElement\":[{\"@type\":\"ListItem\",\"position\":1,\"name\":\"Home\",\"item\":\"https:\\\/\\\/stemeric.com\\\/hu\\\/\"},{\"@type\":\"ListItem\",\"position\":2,\"name\":\"H\u00e1zszentel\u00e9sek &#8211; 2016.\"}]},{\"@type\":\"WebSite\",\"@id\":\"https:\\\/\\\/stemeric.com\\\/#website\",\"url\":\"https:\\\/\\\/stemeric.com\\\/\",\"name\":\"St. Emeric Church\",\"description\":\"Szent Imre R\u00f3mai Katolikus Magyar Egyh\u00e1zk\u00f6zs\u00e9g\",\"publisher\":{\"@id\":\"https:\\\/\\\/stemeric.com\\\/#organization\"},\"potentialAction\":[{\"@type\":\"SearchAction\",\"target\":{\"@type\":\"EntryPoint\",\"urlTemplate\":\"https:\\\/\\\/stemeric.com\\\/?s={search_term_string}\"},\"query-input\":{\"@type\":\"PropertyValueSpecification\",\"valueRequired\":true,\"valueName\":\"search_term_string\"}}],\"inLanguage\":\"hu\"},{\"@type\":\"Organization\",\"@id\":\"https:\\\/\\\/stemeric.com\\\/#organization\",\"name\":\"St. Emeric Church\",\"url\":\"https:\\\/\\\/stemeric.com\\\/\",\"logo\":{\"@type\":\"ImageObject\",\"inLanguage\":\"hu\",\"@id\":\"https:\\\/\\\/stemeric.com\\\/#\\\/schema\\\/logo\\\/image\\\/\",\"url\":\"https:\\\/\\\/stemeric.com\\\/wp-content\\\/uploads\\\/2015\\\/11\\\/SzentImre4.png\",\"contentUrl\":\"https:\\\/\\\/stemeric.com\\\/wp-content\\\/uploads\\\/2015\\\/11\\\/SzentImre4.png\",\"width\":800,\"height\":167,\"caption\":\"St. Emeric Church\"},\"image\":{\"@id\":\"https:\\\/\\\/stemeric.com\\\/#\\\/schema\\\/logo\\\/image\\\/\"},\"sameAs\":[\"https:\\\/\\\/www.facebook.com\\\/saintemeric\"]}]}<\/script>\n<!-- \/ Yoast SEO plugin. -->","yoast_head_json":{"title":"H\u00e1zszentel\u00e9sek - 2016. - St. Emeric Church","robots":{"index":"index","follow":"follow","max-snippet":"max-snippet:-1","max-image-preview":"max-image-preview:large","max-video-preview":"max-video-preview:-1"},"canonical":"https:\/\/stemeric.com\/hu\/690-2\/","og_locale":"hu_HU","og_type":"article","og_title":"H\u00e1zszentel\u00e9sek - 2016. - St. Emeric Church","og_description":"V\u00edzkeresztkor az Egyh\u00e1z vizet szentel. A v\u00edz szentel\u00e9se a szentelm\u00e9nyek k\u00f6z\u00fcl a \u201eszentel\u0151 vagy konszekr\u00e1l\u00f3 \u00e1ld\u00e1sok\u201d k\u00f6z\u00e9 tartozik. Ezzel a szenteltv\u00edzzel V\u00edzkeresztet k\u00f6vet\u0151en szok\u00e1s \u2013 t\u00f6bbek k\u00f6z\u00f6tt \u2013 a lak\u00e1sok szentel\u00e9se, ami r\u00e9gi \u00e9s sz\u00e9p szok\u00e1s. A h\u00e1z- vagy lak\u00e1sszentel\u00e9s a szentelm\u00e9nyek k\u00f6z\u00fcl a \u201ek\u00f6ny\u00f6rg\u0151 \u00e1ld\u00e1sok\u201d egyike. A k\u00f6ny\u00f6rg\u0151 \u00e9s szentel\u0151 \u00e1ld\u00e1sok sor\u00e1n az isteni [&hellip;]","og_url":"https:\/\/stemeric.com\/hu\/690-2\/","og_site_name":"St. Emeric Church","article_publisher":"https:\/\/www.facebook.com\/saintemeric","article_modified_time":"2016-01-29T02:35:28+00:00","og_image":[{"url":"https:\/\/stemeric.com\/wp-content\/uploads\/2016\/01\/DSCN8073-800x600.jpg","type":"","width":"","height":""}],"twitter_card":"summary_large_image","twitter_misc":{"Becs\u00fclt olvas\u00e1si id\u0151":"2 perc"},"schema":{"@context":"https:\/\/schema.org","@graph":[{"@type":"WebPage","@id":"https:\/\/stemeric.com\/hu\/690-2\/","url":"https:\/\/stemeric.com\/hu\/690-2\/","name":"H\u00e1zszentel\u00e9sek - 2016. - St. Emeric Church","isPartOf":{"@id":"https:\/\/stemeric.com\/#website"},"primaryImageOfPage":{"@id":"https:\/\/stemeric.com\/hu\/690-2\/#primaryimage"},"image":{"@id":"https:\/\/stemeric.com\/hu\/690-2\/#primaryimage"},"thumbnailUrl":"https:\/\/stemeric.com\/wp-content\/uploads\/2016\/01\/DSCN8073-800x600.jpg","datePublished":"2016-01-29T02:27:25+00:00","dateModified":"2016-01-29T02:35:28+00:00","breadcrumb":{"@id":"https:\/\/stemeric.com\/hu\/690-2\/#breadcrumb"},"inLanguage":"hu","potentialAction":[{"@type":"ReadAction","target":["https:\/\/stemeric.com\/hu\/690-2\/"]}]},{"@type":"ImageObject","inLanguage":"hu","@id":"https:\/\/stemeric.com\/hu\/690-2\/#primaryimage","url":"https:\/\/stemeric.com\/wp-content\/uploads\/2016\/01\/DSCN8073-800x600.jpg","contentUrl":"https:\/\/stemeric.com\/wp-content\/uploads\/2016\/01\/DSCN8073-800x600.jpg"},{"@type":"BreadcrumbList","@id":"https:\/\/stemeric.com\/hu\/690-2\/#breadcrumb","itemListElement":[{"@type":"ListItem","position":1,"name":"Home","item":"https:\/\/stemeric.com\/hu\/"},{"@type":"ListItem","position":2,"name":"H\u00e1zszentel\u00e9sek &#8211; 2016."}]},{"@type":"WebSite","@id":"https:\/\/stemeric.com\/#website","url":"https:\/\/stemeric.com\/","name":"St. Emeric Church","description":"Szent Imre R\u00f3mai Katolikus Magyar Egyh\u00e1zk\u00f6zs\u00e9g","publisher":{"@id":"https:\/\/stemeric.com\/#organization"},"potentialAction":[{"@type":"SearchAction","target":{"@type":"EntryPoint","urlTemplate":"https:\/\/stemeric.com\/?s={search_term_string}"},"query-input":{"@type":"PropertyValueSpecification","valueRequired":true,"valueName":"search_term_string"}}],"inLanguage":"hu"},{"@type":"Organization","@id":"https:\/\/stemeric.com\/#organization","name":"St. Emeric Church","url":"https:\/\/stemeric.com\/","logo":{"@type":"ImageObject","inLanguage":"hu","@id":"https:\/\/stemeric.com\/#\/schema\/logo\/image\/","url":"https:\/\/stemeric.com\/wp-content\/uploads\/2015\/11\/SzentImre4.png","contentUrl":"https:\/\/stemeric.com\/wp-content\/uploads\/2015\/11\/SzentImre4.png","width":800,"height":167,"caption":"St. Emeric Church"},"image":{"@id":"https:\/\/stemeric.com\/#\/schema\/logo\/image\/"},"sameAs":["https:\/\/www.facebook.com\/saintemeric"]}]}},"jetpack_sharing_enabled":true,"jetpack_shortlink":"https:\/\/wp.me\/PffxLh-b8","_links":{"self":[{"href":"https:\/\/stemeric.com\/hu\/wp-json\/wp\/v2\/pages\/690","targetHints":{"allow":["GET"]}}],"collection":[{"href":"https:\/\/stemeric.com\/hu\/wp-json\/wp\/v2\/pages"}],"about":[{"href":"https:\/\/stemeric.com\/hu\/wp-json\/wp\/v2\/types\/page"}],"author":[{"embeddable":true,"href":"https:\/\/stemeric.com\/hu\/wp-json\/wp\/v2\/users\/3"}],"replies":[{"embeddable":true,"href":"https:\/\/stemeric.com\/hu\/wp-json\/wp\/v2\/comments?post=690"}],"version-history":[{"count":0,"href":"https:\/\/stemeric.com\/hu\/wp-json\/wp\/v2\/pages\/690\/revisions"}],"wp:attachment":[{"href":"https:\/\/stemeric.com\/hu\/wp-json\/wp\/v2\/media?parent=690"}],"curies":[{"name":"wp","href":"https:\/\/api.w.org\/{rel}","templated":true}]}}